{"id":4750,"date":"2022-03-14T10:22:09","date_gmt":"2022-03-14T09:22:09","guid":{"rendered":"https:\/\/recette.descours-cabaud.com\/group-news\/"},"modified":"2024-01-19T15:48:10","modified_gmt":"2024-01-19T14:48:10","slug":"group-news","status":"publish","type":"page","link":"https:\/\/recette.descours-cabaud.com\/en\/group-news\/","title":{"rendered":"Group news"},"content":{"rendered":"<section >\n\n    <div class=\"main_container\">\n\n    \n        <div class=\"row\">\n            <div class=\"col\">\n                <h2>Paysalia trade show: a successful 2023 edition for HYDRALIANS and PROLIANS<\/h2>\n            <\/div>\n        <\/div>\n        \n        <div class=\"row align-items-center\">\n            <div class=\"col-lg-8 order-lg-3\">\n                <div class=\"position-relative\">\n                    <a href=\"https:\/\/recette.descours-cabaud.com\/en\/2024\/01\/17\/paysalia-trade-show-a-successful-2023-edition-for-hydralians-and-prolians\/\"><div class=\"img_une_actu bg_img rounded mb-5\" style=\"background-image: url('https:\/\/recette.descours-cabaud.com\/wp-content\/uploads\/2024\/01\/PAYSALIA-024_web_site-corporate2-1.jpg')\"><\/div><\/a>\n                    <div class=\"cat-actu\">Event<\/div>\n                <\/div>\n            <\/div>            \n            <div class=\"col-lg-4 order-lg-2\">\n                <p class=\"mt-0\"><strong>17 January 2024<\/strong><\/p>\n                <p><p>Paysalia, the landscape, garden and sport exhibition, took place at Eurexpo Lyon from December 5 to 7. A benchmark event for professionals in these sectors, and particularly for our HYDRALIANS and PROLIANS brands, actively present on two dedicated stands. From all over France, our experts shared their expertise and the latest innovations from our extensive [&hellip;]<\/p>\n<\/p> \n                <a href=\"https:\/\/recette.descours-cabaud.com\/en\/2024\/01\/17\/paysalia-trade-show-a-successful-2023-edition-for-hydralians-and-prolians\/\" class=\"mb-5 mb-xl-0  btn btn-outline-danger fw-bold\">read more<\/a>\n            <\/div>\n        <\/div>\n        \n    \n\n    <\/div>\n<\/section>\n\n\n\n\n<\/div>\n<section  class=\"bg-dark text-white\">\n    <div class=\"main_container\">\n     \n            \n\n            <div class=\"row\" data-masonry='{\"percentPosition\": true }'>\n            <div class=\"col-12 col-sm-6 col-lg-4 mb-4\">\n                            <div class=\"card card-actu rounded bg-dark\" data-aos=\"fade-up\" data-aos-duration=\"1000\"><a href=\"https:\/\/recette.descours-cabaud.com\/en\/2024\/01\/17\/paysalia-trade-show-a-successful-2023-edition-for-hydralians-and-prolians\/\"><div class=\"card-img-top bg-light lazyload\" data-src=\"https:\/\/recette.descours-cabaud.com\/wp-content\/uploads\/2024\/01\/PAYSALIA-024_web_site-corporate2-1.jpg\" style=\"background-image: url(https:\/\/recette.descours-cabaud.com\/wp-content\/themes\/descours-cabaud\/img\/actu_default.png)\"><\/div><\/a> <div class=\"cat-actu\">Event<\/div>                            \n                                <div class=\"card-body\">\n                                    <h4>Paysalia trade show: a successful 2023 edition for HYDRALIANS and PROLIANS<\/h4>\n                                    <div class=\"date\">17 January 2024<\/div>\n                                    <p class=\"mt-3 mb-0\">Paysalia, the landscape, garden and sport exhibition, took place at Eurexpo Lyon from December 5 to 7. A benchmark event for professionals in these sectors, and particularly for our HYDRALIANS and PROLIANS brands, actively present on two dedicated stands. From all over France, our experts shared their expertise and the latest innovations from our extensive [&hellip;]<\/p>\n                                    <p><a href=\"https:\/\/recette.descours-cabaud.com\/en\/2024\/01\/17\/paysalia-trade-show-a-successful-2023-edition-for-hydralians-and-prolians\/\">Lire plus<\/a><\/p>\n                                <\/div>\n                            <\/div>\n                        <\/div><div class=\"col-12 col-sm-6 col-lg-4 mb-4\">\n                            <div class=\"card card-actu rounded bg-dark\" data-aos=\"fade-up\" data-aos-duration=\"1000\"><a href=\"https:\/\/recette.descours-cabaud.com\/en\/2023\/11\/20\/customer-satisfaction-the-barometer-of-our-action\/\"><div class=\"card-img-top bg-light lazyload\" data-src=\"https:\/\/recette.descours-cabaud.com\/wp-content\/uploads\/2023\/11\/GettyImages-595350123-corpo3.jpg\" style=\"background-image: url(https:\/\/recette.descours-cabaud.com\/wp-content\/themes\/descours-cabaud\/img\/actu_default.png)\"><\/div><\/a> <div class=\"cat-actu\">News<\/div>                            \n                                <div class=\"card-body\">\n                                    <h4>Customer satisfaction, the barometer of our action<\/h4>\n                                    <div class=\"date\">20 November 2023<\/div>\n                                    <p class=\"mt-3 mb-0\">Initiated by DESCOURS &amp; CABAUD in 2018, the customer satisfaction barometer is back for its 7th wave. From Monday, October 9 to the end of November 2023, our independent partner INIT is interviewing a representative sample of our active customers by telephone to measure their satisfaction. In all, some 5,600 customers of our three brands [&hellip;]<\/p>\n                                    <p><a href=\"https:\/\/recette.descours-cabaud.com\/en\/2023\/11\/20\/customer-satisfaction-the-barometer-of-our-action\/\">Lire plus<\/a><\/p>\n                                <\/div>\n                            <\/div>\n                        <\/div><div class=\"col-12 col-sm-6 col-lg-4 mb-4\">\n                            <div class=\"card card-actu rounded bg-dark\" data-aos=\"fade-up\" data-aos-duration=\"1000\"><a href=\"https:\/\/recette.descours-cabaud.com\/en\/2023\/01\/09\/descours-cabaud-develops-in-canada-with-ficodis\/\"><div class=\"card-img-top bg-light lazyload\" data-src=\"https:\/\/recette.descours-cabaud.com\/wp-content\/uploads\/2022\/04\/ficodis-1.jpg\" style=\"background-image: url(https:\/\/recette.descours-cabaud.com\/wp-content\/themes\/descours-cabaud\/img\/actu_default.png)\"><\/div><\/a> <div class=\"cat-actu\">External growth<\/div>                            \n                                <div class=\"card-body\">\n                                    <h4>DESCOURS &#038; CABAUD develops in Canada with FICODIS<\/h4>\n                                    <div class=\"date\">9 January 2023<\/div>\n                                    <p class=\"mt-3 mb-0\">At the beginning of 2022, the Canadian company FICODIS joined the Group, bringing the number of DESCOURS &amp; CABAUD sales outlets in Canada to 33. This acquisition illustrates the Group&#8217;s desire to develop in a dynamic country that has experienced sustained growth for several years in a number of sectors such as public transport, residential [&hellip;]<\/p>\n                                    <p><a href=\"https:\/\/recette.descours-cabaud.com\/en\/2023\/01\/09\/descours-cabaud-develops-in-canada-with-ficodis\/\">Lire plus<\/a><\/p>\n                                <\/div>\n                            <\/div>\n                        <\/div><div class=\"col-12 col-sm-6 col-lg-4 mb-4\">\n                            <div class=\"card card-actu rounded bg-dark\" data-aos=\"fade-up\" data-aos-duration=\"1000\"><a href=\"https:\/\/recette.descours-cabaud.com\/en\/2022\/03\/23\/two-new-acquisitions-in-the-netherlands-and-portugal\/\"><div class=\"card-img-top bg-light lazyload\" data-src=\"https:\/\/recette.descours-cabaud.com\/wp-content\/uploads\/2020\/02\/visuel_implantations.jpg\" style=\"background-image: url(https:\/\/recette.descours-cabaud.com\/wp-content\/themes\/descours-cabaud\/img\/actu_default.png)\"><\/div><\/a> <div class=\"cat-actu\">External growth<\/div>                            \n                                <div class=\"card-body\">\n                                    <h4>Two new acquisitions in the Netherlands and Portugal&#8230;<\/h4>\n                                    <div class=\"date\">23 March 2022<\/div>\n                                    <p class=\"mt-3 mb-0\">In line with its international development strategy, the DESCOURS &amp; CABAUD Group announces the acquisition of two new companies in early 2020: BTN-HENNY VAN OMMEREN in the Netherlands and SINTIMEX in Portugal. It is thus continuing to build its European leadership in industrial supplies and Personal Protective Equipment (PPE). These transactions bring the total number [&hellip;]<\/p>\n                                    <p><a href=\"https:\/\/recette.descours-cabaud.com\/en\/2022\/03\/23\/two-new-acquisitions-in-the-netherlands-and-portugal\/\">Lire plus<\/a><\/p>\n                                <\/div>\n                            <\/div>\n                        <\/div><div class=\"col-12 col-sm-6 col-lg-4 mb-4\">\n                            <div class=\"card card-actu rounded bg-dark\" data-aos=\"fade-up\" data-aos-duration=\"1000\"><a href=\"https:\/\/recette.descours-cabaud.com\/en\/2022\/03\/16\/march-2022-our-positive-actions\/\"><div class=\"card-img-top bg-light lazyload\" data-src=\"https:\/\/recette.descours-cabaud.com\/wp-content\/uploads\/2022\/03\/Bando-actions-positives-2.jpg\" style=\"background-image: url(https:\/\/recette.descours-cabaud.com\/wp-content\/themes\/descours-cabaud\/img\/actu_default.png)\"><\/div><\/a> <div class=\"cat-actu\">Event<\/div>                            \n                                <div class=\"card-body\">\n                                    <h4>[ MARCH 2022 ] OUR POSITIVE ACTIONS<\/h4>\n                                    <div class=\"date\">16 March 2022<\/div>\n                                    <p class=\"mt-3 mb-0\">From Commitments to Actions: a summary of our Positive Actions [ DECEMBER 2021 ] &#8211; REUSABLE BOTTLES TO ELIMINATE PACKAGING Several of the Group&#8217;s subsidiaries have taken the initiative to offer their teams reusable bottles. These bottles will enable them to obtain water from distribution points.&#13; This action is part of an objective to limit [&hellip;]<\/p>\n                                    <p><a href=\"https:\/\/recette.descours-cabaud.com\/en\/2022\/03\/16\/march-2022-our-positive-actions\/\">Lire plus<\/a><\/p>\n                                <\/div>\n                            <\/div>\n                        <\/div><div class=\"col-12 col-sm-6 col-lg-4 mb-4\">\n                            <div class=\"card card-actu rounded bg-dark\" data-aos=\"fade-up\" data-aos-duration=\"1000\"><a href=\"https:\/\/recette.descours-cabaud.com\/en\/2021\/10\/04\/arrival-in-our-group-within-the-dexis-brand-of-the-safeline-company-located-in-dortmund-in-germany\/\"><div class=\"card-img-top bg-light lazyload\" data-src=\"https:\/\/recette.descours-cabaud.com\/wp-content\/uploads\/2021\/10\/Safeline2.jpg\" style=\"background-image: url(https:\/\/recette.descours-cabaud.com\/wp-content\/themes\/descours-cabaud\/img\/actu_default.png)\"><\/div><\/a> <div class=\"cat-actu\">Event<\/div>                            \n                                <div class=\"card-body\">\n                                    <h4>Arrival in our Group, within the DEXIS brand, of the SAFELINE company, located in Dortmund in Germany<\/h4>\n                                    <div class=\"date\">4 October 2021<\/div>\n                                    <p class=\"mt-3 mb-0\">Founded 40 years ago, SAFELINE is a specialist in Personal Protective Equipment and currently has 85 employees This acquisition, which follows the purchase a year ago of N\u00d6LLE &amp; NORDHORN, based in G\u00fctersloh in the northwest of Germany, confirms DEXIS&#8217; ambition to develop in this economically buoyant and strategic area. Today, DEXIS has 4 subsidiaries [&hellip;]<\/p>\n                                    <p><a href=\"https:\/\/recette.descours-cabaud.com\/en\/2021\/10\/04\/arrival-in-our-group-within-the-dexis-brand-of-the-safeline-company-located-in-dortmund-in-germany\/\">Lire plus<\/a><\/p>\n                                <\/div>\n                            <\/div>\n                        <\/div><div class=\"col-12 col-sm-6 col-lg-4 mb-4\">\n                            <div class=\"card card-actu rounded bg-dark\" data-aos=\"fade-up\" data-aos-duration=\"1000\"><a href=\"https:\/\/recette.descours-cabaud.com\/en\/2021\/09\/01\/hydralians-the-brand-dedicated-to-the-water-and-landscape-trades-is-setting-up-in-portugal-with-the-company-cudell\/\"><div class=\"card-img-top bg-light lazyload\" data-src=\"https:\/\/recette.descours-cabaud.com\/wp-content\/uploads\/2022\/01\/header_actu.jpg\" style=\"background-image: url(https:\/\/recette.descours-cabaud.com\/wp-content\/themes\/descours-cabaud\/img\/actu_default.png)\"><\/div><\/a> <div class=\"cat-actu\">External growth<\/div>                            \n                                <div class=\"card-body\">\n                                    <h4>HYDRALIANS, the brand dedicated to the water and landscape trades, is setting up in Portugal with the company CUDELL.<\/h4>\n                                    <div class=\"date\">1 September 2021<\/div>\n                                    <p class=\"mt-3 mb-0\">HYDRALIANS has just taken a new step in its commercial development by acquiring the company CUDELL, a player in the water sector established in Portugal. This is a first significant step in the Europeanization of the company. CUDELL, a historic company recognised in its market Founded in 1954, CUDELL addresses all the players in the [&hellip;]<\/p>\n                                    <p><a href=\"https:\/\/recette.descours-cabaud.com\/en\/2021\/09\/01\/hydralians-the-brand-dedicated-to-the-water-and-landscape-trades-is-setting-up-in-portugal-with-the-company-cudell\/\">Lire plus<\/a><\/p>\n                                <\/div>\n                            <\/div>\n                        <\/div><div class=\"col-12 col-sm-6 col-lg-4 mb-4\">\n                            <div class=\"card card-actu rounded bg-dark\" data-aos=\"fade-up\" data-aos-duration=\"1000\"><a href=\"https:\/\/recette.descours-cabaud.com\/en\/2020\/09\/01\/dexis-strengthens-its-presence-in-germany-with-the-acquisition-of-nolle-nordhorn\/\"><div class=\"card-img-top bg-light lazyload\" data-src=\"https:\/\/recette.descours-cabaud.com\/wp-content\/uploads\/2020\/09\/NH_Geba\u0308ude.jpg\" style=\"background-image: url(https:\/\/recette.descours-cabaud.com\/wp-content\/themes\/descours-cabaud\/img\/actu_default.png)\"><\/div><\/a> <div class=\"cat-actu\">External growth<\/div>                            \n                                <div class=\"card-body\">\n                                    <h4>DEXIS strengthens its presence in Germany with the acquisition of N\u00d6LLE &#038; NORDHORN<\/h4>\n                                    <div class=\"date\">1 September 2020<\/div>\n                                    <p class=\"mt-3 mb-0\">Pursuing its strategy to build a European leadership in the field of industrial supplies, the DESCOURS &amp; CABAUD Group has just acquired the German company N\u00d6LLE &amp; NORDHORN. A key player in the German industry With a turnover of 36 million Euros and 110 employees, N\u00d6LLE &amp; NORDHORN, located in G\u00fctersloh, North Rhine-Westphalia, has been [&hellip;]<\/p>\n                                    <p><a href=\"https:\/\/recette.descours-cabaud.com\/en\/2020\/09\/01\/dexis-strengthens-its-presence-in-germany-with-the-acquisition-of-nolle-nordhorn\/\">Lire plus<\/a><\/p>\n                                <\/div>\n                            <\/div>\n                        <\/div>            <\/div>\n\n                \n    <\/div>    \n<\/section>\n<div class=\"main_container\">\n\n\n        \n        \n","protected":false},"excerpt":{"rendered":"","protected":false},"author":2,"featured_media":1244,"parent":0,"menu_order":0,"comment_status":"closed","ping_status":"closed","template":"","meta":{"_acf_changed":false,"footnotes":""},"class_list":["post-4750","page","type-page","status-publish","has-post-thumbnail","hentry"],"acf":[],"yoast_head":"<!-- This site is optimized with the Yoast SEO plugin v27.0 - https:\/\/yoast.com\/product\/yoast-seo-wordpress\/ -->\n<title>Group news - Descours &amp; Cabaud<\/title>\n<meta name=\"robots\" content=\"index, follow, max-snippet:-1, max-image-preview:large, max-video-preview:-1\" \/>\n<link rel=\"canonical\" href=\"https:\/\/recette.descours-cabaud.com\/en\/group-news\/\" \/>\n<meta property=\"og:locale\" content=\"en_US\" \/>\n<meta property=\"og:type\" content=\"article\" \/>\n<meta property=\"og:title\" content=\"Group news - Descours &amp; Cabaud\" \/>\n<meta property=\"og:url\" content=\"https:\/\/recette.descours-cabaud.com\/en\/group-news\/\" \/>\n<meta property=\"og:site_name\" content=\"Descours &amp; Cabaud\" \/>\n<meta property=\"article:modified_time\" content=\"2024-01-19T14:48:10+00:00\" \/>\n<meta property=\"og:image\" content=\"https:\/\/recette.descours-cabaud.com\/wp-content\/uploads\/2022\/01\/53.jpg\" \/>\n\t<meta property=\"og:image:width\" content=\"1920\" \/>\n\t<meta property=\"og:image:height\" content=\"751\" \/>\n\t<meta property=\"og:image:type\" content=\"image\/jpeg\" \/>\n<meta name=\"twitter:card\" content=\"summary_large_image\" \/>\n<script type=\"application\/ld+json\" class=\"yoast-schema-graph\">{\"@context\":\"https:\/\/schema.org\",\"@graph\":[{\"@type\":\"WebPage\",\"@id\":\"https:\/\/recette.descours-cabaud.com\/en\/group-news\/\",\"url\":\"https:\/\/recette.descours-cabaud.com\/en\/group-news\/\",\"name\":\"Group news - Descours &amp; Cabaud\",\"isPartOf\":{\"@id\":\"https:\/\/recette.descours-cabaud.com\/en\/#website\"},\"primaryImageOfPage\":{\"@id\":\"https:\/\/recette.descours-cabaud.com\/en\/group-news\/#primaryimage\"},\"image\":{\"@id\":\"https:\/\/recette.descours-cabaud.com\/en\/group-news\/#primaryimage\"},\"thumbnailUrl\":\"https:\/\/recette.descours-cabaud.com\/wp-content\/uploads\/2022\/01\/53.jpg\",\"datePublished\":\"2022-03-14T09:22:09+00:00\",\"dateModified\":\"2024-01-19T14:48:10+00:00\",\"breadcrumb\":{\"@id\":\"https:\/\/recette.descours-cabaud.com\/en\/group-news\/#breadcrumb\"},\"inLanguage\":\"en-US\",\"potentialAction\":[{\"@type\":\"ReadAction\",\"target\":[\"https:\/\/recette.descours-cabaud.com\/en\/group-news\/\"]}]},{\"@type\":\"ImageObject\",\"inLanguage\":\"en-US\",\"@id\":\"https:\/\/recette.descours-cabaud.com\/en\/group-news\/#primaryimage\",\"url\":\"https:\/\/recette.descours-cabaud.com\/wp-content\/uploads\/2022\/01\/53.jpg\",\"contentUrl\":\"https:\/\/recette.descours-cabaud.com\/wp-content\/uploads\/2022\/01\/53.jpg\",\"width\":1920,\"height\":751},{\"@type\":\"BreadcrumbList\",\"@id\":\"https:\/\/recette.descours-cabaud.com\/en\/group-news\/#breadcrumb\",\"itemListElement\":[{\"@type\":\"ListItem\",\"position\":1,\"name\":\"Accueil\",\"item\":\"https:\/\/recette.descours-cabaud.com\/en\/\"},{\"@type\":\"ListItem\",\"position\":2,\"name\":\"Group news\"}]},{\"@type\":\"WebSite\",\"@id\":\"https:\/\/recette.descours-cabaud.com\/en\/#website\",\"url\":\"https:\/\/recette.descours-cabaud.com\/en\/\",\"name\":\"Descours &amp; Cabaud\",\"description\":\"\",\"potentialAction\":[{\"@type\":\"SearchAction\",\"target\":{\"@type\":\"EntryPoint\",\"urlTemplate\":\"https:\/\/recette.descours-cabaud.com\/en\/?s={search_term_string}\"},\"query-input\":{\"@type\":\"PropertyValueSpecification\",\"valueRequired\":true,\"valueName\":\"search_term_string\"}}],\"inLanguage\":\"en-US\"}]}<\/script>\n<!-- \/ Yoast SEO plugin. -->","yoast_head_json":{"title":"Group news - Descours &amp; Cabaud","robots":{"index":"index","follow":"follow","max-snippet":"max-snippet:-1","max-image-preview":"max-image-preview:large","max-video-preview":"max-video-preview:-1"},"canonical":"https:\/\/recette.descours-cabaud.com\/en\/group-news\/","og_locale":"en_US","og_type":"article","og_title":"Group news - Descours &amp; Cabaud","og_url":"https:\/\/recette.descours-cabaud.com\/en\/group-news\/","og_site_name":"Descours &amp; Cabaud","article_modified_time":"2024-01-19T14:48:10+00:00","og_image":[{"width":1920,"height":751,"url":"https:\/\/recette.descours-cabaud.com\/wp-content\/uploads\/2022\/01\/53.jpg","type":"image\/jpeg"}],"twitter_card":"summary_large_image","schema":{"@context":"https:\/\/schema.org","@graph":[{"@type":"WebPage","@id":"https:\/\/recette.descours-cabaud.com\/en\/group-news\/","url":"https:\/\/recette.descours-cabaud.com\/en\/group-news\/","name":"Group news - Descours &amp; Cabaud","isPartOf":{"@id":"https:\/\/recette.descours-cabaud.com\/en\/#website"},"primaryImageOfPage":{"@id":"https:\/\/recette.descours-cabaud.com\/en\/group-news\/#primaryimage"},"image":{"@id":"https:\/\/recette.descours-cabaud.com\/en\/group-news\/#primaryimage"},"thumbnailUrl":"https:\/\/recette.descours-cabaud.com\/wp-content\/uploads\/2022\/01\/53.jpg","datePublished":"2022-03-14T09:22:09+00:00","dateModified":"2024-01-19T14:48:10+00:00","breadcrumb":{"@id":"https:\/\/recette.descours-cabaud.com\/en\/group-news\/#breadcrumb"},"inLanguage":"en-US","potentialAction":[{"@type":"ReadAction","target":["https:\/\/recette.descours-cabaud.com\/en\/group-news\/"]}]},{"@type":"ImageObject","inLanguage":"en-US","@id":"https:\/\/recette.descours-cabaud.com\/en\/group-news\/#primaryimage","url":"https:\/\/recette.descours-cabaud.com\/wp-content\/uploads\/2022\/01\/53.jpg","contentUrl":"https:\/\/recette.descours-cabaud.com\/wp-content\/uploads\/2022\/01\/53.jpg","width":1920,"height":751},{"@type":"BreadcrumbList","@id":"https:\/\/recette.descours-cabaud.com\/en\/group-news\/#breadcrumb","itemListElement":[{"@type":"ListItem","position":1,"name":"Accueil","item":"https:\/\/recette.descours-cabaud.com\/en\/"},{"@type":"ListItem","position":2,"name":"Group news"}]},{"@type":"WebSite","@id":"https:\/\/recette.descours-cabaud.com\/en\/#website","url":"https:\/\/recette.descours-cabaud.com\/en\/","name":"Descours &amp; Cabaud","description":"","potentialAction":[{"@type":"SearchAction","target":{"@type":"EntryPoint","urlTemplate":"https:\/\/recette.descours-cabaud.com\/en\/?s={search_term_string}"},"query-input":{"@type":"PropertyValueSpecification","valueRequired":true,"valueName":"search_term_string"}}],"inLanguage":"en-US"}]}},"_links":{"self":[{"href":"https:\/\/recette.descours-cabaud.com\/en\/wp-json\/wp\/v2\/pages\/4750","targetHints":{"allow":["GET"]}}],"collection":[{"href":"https:\/\/recette.descours-cabaud.com\/en\/wp-json\/wp\/v2\/pages"}],"about":[{"href":"https:\/\/recette.descours-cabaud.com\/en\/wp-json\/wp\/v2\/types\/page"}],"author":[{"embeddable":true,"href":"https:\/\/recette.descours-cabaud.com\/en\/wp-json\/wp\/v2\/users\/2"}],"replies":[{"embeddable":true,"href":"https:\/\/recette.descours-cabaud.com\/en\/wp-json\/wp\/v2\/comments?post=4750"}],"version-history":[{"count":9,"href":"https:\/\/recette.descours-cabaud.com\/en\/wp-json\/wp\/v2\/pages\/4750\/revisions"}],"predecessor-version":[{"id":8677,"href":"https:\/\/recette.descours-cabaud.com\/en\/wp-json\/wp\/v2\/pages\/4750\/revisions\/8677"}],"wp:featuredmedia":[{"embeddable":true,"href":"https:\/\/recette.descours-cabaud.com\/en\/wp-json\/wp\/v2\/media\/1244"}],"wp:attachment":[{"href":"https:\/\/recette.descours-cabaud.com\/en\/wp-json\/wp\/v2\/media?parent=4750"}],"curies":[{"name":"wp","href":"https:\/\/api.w.org\/{rel}","templated":true}]}}