{"id":4871,"date":"2022-03-14T16:07:53","date_gmt":"2022-03-14T15:07:53","guid":{"rendered":"https:\/\/recette.descours-cabaud.com\/el-grupo\/"},"modified":"2025-01-08T16:12:22","modified_gmt":"2025-01-08T15:12:22","slug":"el-grupo","status":"publish","type":"page","link":"https:\/\/recette.descours-cabaud.com\/es\/el-grupo\/","title":{"rendered":"El Grupo"},"content":{"rendered":"<\/div>\n<section class=\"bg-white\" id=\"colaborador\" >\n\n    <div class=\"main_container\">\n    \n                <div class=\"row\">\n            <div class=\"col\">\n                <h2>COLABORADOR DE LOS PROFESIONALES DE LA INDUSTRIA Y DE LA CONSTRUCCI\u00d3N<\/h2>\n                            <\/div>\n        <\/div>\n                \n        \n        <div class=\"row \">\n        \n            <div class=\"col-auto position-relative order-1 \">            \n                <div class=\"avec_coin mb-1\">\n                    <img decoding=\"async\" src=\"https:\/\/recette.descours-cabaud.com\/wp-content\/uploads\/2022\/01\/14.jpg\" alt=\"\" class=\"rounded w-max-50 \">\n                                    \n                                        <div class=\"coin_rouge\"><\/div>                <\/div>\n            <\/div>\n            \n            <div class=\"col-lg order-2 px-lg-5 py-3\">\n                <div class=\"col_txt\"><h3>M\u00e1s de dos siglos de exigencia profesional<\/h3>\n<p>Desde su creaci\u00f3n en el a\u00f1o 1782 y con el paso de los a\u00f1os, el grupo DESCOURS &amp; CABAUD ha ido forjando y afianzando un liderazgo inamovible en el suministro de equipamiento profesional para los sectores de la industria y la construcci\u00f3n. Nuestro grupo, l\u00edder en Francia y uno de los principales actores en Europa y con presencia en Norteam\u00e9rica, es conocido por su capacidad para entablar relaciones de colaboraci\u00f3n duraderas con sus clientes profesionales, comprometi\u00e9ndose con ellos a conseguir beneficios en productividad, rendimiento e innovaci\u00f3n.<\/p>\n<h3>Estamos convencidos de que no se puede crear valor sin libertad de acci\u00f3n<\/h3>\n<p>DESCOURS &amp; CABAUD es un grupo familiar independiente que puede presumir de su genuina actitud de superaci\u00f3n, heredada de generaci\u00f3n en generaci\u00f3n. Esta visi\u00f3n empresarial ha esculpido nuestra historia y sigue guiando nuestro rumbo, porque somos firmes defensores del principio de que no puede haber creaci\u00f3n de valor sin libertad de acci\u00f3n.<br \/>\nEsta libertad caracter\u00edstica nos ha permitido anticiparnos a los grandes avances que han ido experimentando los mercados desde nuestros or\u00edgenes, e ir adapt\u00e1ndonos y ofreciendo soluciones innovadoras a nuestros clientes.<\/p>\n<h3>Comprometidos con el crecimiento de nuestros clientes<\/h3>\n<p>DESCOURS &amp; CABAUD se ha convertido en socio multiespecializado y distribuidor de productos y servicios de alto valor a\u00f1adido con el firme objetivo de impulsar el crecimiento de nuestros clientes. De este modo, DESCOURS &amp; CABAUD puede ofrecer cada d\u00eda a sus 450.000 clientes la m\u00e1s amplia gama de productos y servicios del mercado.<\/p>\n<\/div>\n                \n                                \n            <\/div>\n            \n        <\/div>\n\n    <\/div>\n<\/section>\n\n<div class=\"main_container\">\n\n\n\n<p style=\"font-size:20px\">La relaci\u00f3n que hemos forjado con nuestros clientes desde hace m\u00e1s de dos siglos se basa en <strong>5 principios <\/strong>inherentes a nuestro rendimiento y que consolidan su confianza en nuestra empresa.<\/p>\n\n\n\n<div class=\"wp-block-columns is-layout-flex wp-container-core-columns-is-layout-9d6595d7 wp-block-columns-is-layout-flex\">\n<div class=\"wp-block-column is-layout-flow wp-block-column-is-layout-flow\" style=\"flex-basis:66.66%\">\n<div class=\"wp-block-columns is-layout-flex wp-container-core-columns-is-layout-9d6595d7 wp-block-columns-is-layout-flex\">\n<div class=\"wp-block-column is-layout-flow wp-block-column-is-layout-flow\">\n<p style=\"font-size:28px\"><strong>PROXIMIDAD<\/strong> <br>La <strong>proximidad <\/strong>humana y geogr\u00e1fica de nuestros equipos de ventas<\/p>\n\n\n\n<p style=\"font-size:28px\"><strong>COMPETITIVIDAD<\/strong><br>Competitividad y <strong>amplitud de oferta<\/strong> gracias a nuestro poder adquisitivo<\/p>\n\n\n\n<p style=\"font-size:28px\"><strong>DISPONIBILIDAD<\/strong><br>Disponibilidad del producto que se hace confiable gracias a una <strong>poderosa estructura log\u00edstica<\/strong><\/p>\n\n\n\n<p style=\"font-size:28px\"><strong>LA EXPERIENCIA<\/strong><br>La <strong>excelencia t\u00e9cnica <\/strong>de nuestros expertos<\/p>\n\n\n\n<p style=\"font-size:28px\"><strong>SOLUCIONES Y SERVICIOS<\/strong><br>Soluciones y servicios <strong>eficientes <\/strong>para simplificar su actividad operativa<\/p>\n<\/div>\n<\/div>\n<\/div>\n\n\n\n<div class=\"wp-block-column is-layout-flow wp-block-column-is-layout-flow\" style=\"flex-basis:33.33%\">\n<figure class=\"wp-block-image size-full\"><img loading=\"lazy\" decoding=\"async\" width=\"258\" height=\"357\" src=\"https:\/\/recette.descours-cabaud.com\/wp-content\/uploads\/2025\/01\/5_engag_ES.png\" alt=\"\" class=\"wp-image-8982\"\/><\/figure>\n<\/div>\n<\/div>\n\n\n\n<p class=\"has-medium-font-size\">De este modo, DESCOURS &amp; CABAUD puede ofrecer cada d\u00eda a sus <strong>450.000 clientes<\/strong> la m\u00e1s amplia gama de productos y servicios del mercado.<\/p>\n\n\n<\/div>\n\n\n<section id=\"nuestros-valores\"  class=\"bg-dark text-white position-relative\">\n    <div class=\"main_container\">\n\n                <div class=\"bg_number\">3<\/div>\n\n        <div class=\"row au_dessus position-relative\">\n            <div class=\"col pb-big col_txt\">\n                <h2>Nuestros valores<\/h2>\n                <h3>Un principio de acci\u00f3n, tres valores<\/h3>\n<p>Si la libertad de empresa est\u00e1 en el centro de nuestros principios de gesti\u00f3n, es porque un grupo que avanza es un grupo unido, que conf\u00eda en las mujeres y los hombres que lo componen y da prioridad a la acci\u00f3n.<\/p>\n<p><a href=\"https:\/\/player.vimeo.com\/video\/371104619?h=a4944fb468&amp;amp;badge=0&amp;amp;autopause=0&amp;amp;player_id=0&amp;amp;app_id=58479\" target=\"_blank\" rel=\"noopener\">Ver nuestros valores<\/a><\/p>\n            <\/div>\n        <\/div>\n\n        <div class=\"row au_dessus position-relative mt-5\">\n            <div class=\"col-1\"><\/div>\n            <div class=\"col\">\n\n                                <h3 class=\"liste text-uppercase\">Unidad<\/h3>\n                    <p>El complejo y competitivo mundo en el que operamos requiere una fuerte cohesi\u00f3n y un inquebrantable esp\u00edritu de equipo para servir a nuestros clientes. Esta cohesi\u00f3n requiere la movilizaci\u00f3n de la energ\u00eda y los talentos de cada individuo en torno a :<\/p>\n<ul>\n<li>una ambici\u00f3n compartida de colaboraci\u00f3n permanente entre nuestros equipos<\/li>\n<li>respeto a las decisiones y compromisos como partes interesadas<\/li>\n<li>solidaridad en los \u00e9xitos y en la adversidad<\/li>\n<\/ul>\n                    <hr class=\"bg-white my-5\">\n                                <h3 class=\"liste text-uppercase\">Transparencia<\/h3>\n                    <p>No puede haber unidad sin confianza, ni confianza sin transparencia.<\/p>\n<ul>\n<li>Transparencia, sobre los objetivos y la hoja de ruta a todos los niveles de la empresa.<\/li>\n<li>Transparencia en acci\u00f3n: decir lo que se hace, hacer lo que se dice<\/li>\n<li>Transparencia en los resultados, con la capacidad de aprender de los \u00e9xitos y los fracasos.<\/li>\n<\/ul>\n                    <hr class=\"bg-white my-5\">\n                                <h3 class=\"liste text-uppercase\">Audacia<\/h3>\n                    <p>Un grupo que emprende es un grupo que ofrece una enorme libertad de acci\u00f3n. Por este motivo, damos libertad a los trabajadores para que se atrevan a cuestionarse, a desafiar el statu quo y a convertir una dificultad en una oportunidad. Los animamos a tomar la iniciativa y experimentar, reconociendo el derecho a equivocarse, inherente a la acci\u00f3n. Potenciamos la apertura al mundo exterior y el descubrimiento de nuevos territorios para reinventarnos<br \/>\ny adaptarnos mejor.<\/p>\n                    <hr class=\"bg-white my-5\">\n            \n            <\/div>\n        <\/div>\n\n    <\/div>    \n<\/section>\n\n<div class=\"main_container\">\n\n\n<\/div>\n\n\n<section id=\"nuestro-liderazgo\"  class=\"leadership bg-light  py-0\" style=\"background-image: url('https:\/\/recette.descours-cabaud.com\/wp-content\/uploads\/2022\/01\/18.jpg');\">\n    <div class=\"main_container \">\n    \n        <div class=\"row\">\n        \n            <div class=\"col-xl-7 bg-light\">\n                <h2 class=\"mt-5\">Nuestro liderazgo en cifras<\/h2>\n                \n                <div class=\"row \">\n                                    <div class=\"text-center mb-5 col-6\">\n                        <i class=\"argent\"><\/i>\n                        <div class=\"chiffre\">4725 millones d\u2019\u20ac<\/div> \n                        <div class=\"sous_titre\">VOLUMEN DE NEGOCIO ACERCADO EN 2024<\/div>\n                    <\/div>    \n                                    <div class=\"text-center mb-5 col-6\">\n                        <i class=\"map\"><\/i>\n                        <div class=\"chiffre\">720<\/div> \n                        <div class=\"sous_titre\">Puntos de venta<\/div>\n                    <\/div>    \n                                    <div class=\"text-center mb-5 col-6\">\n                        <i class=\"groupe\"><\/i>\n                        <div class=\"chiffre\">14 700<\/div> \n                        <div class=\"sous_titre\">Personal<\/div>\n                    <\/div>    \n                                    <div class=\"text-center mb-5 col-6\">\n                        <i class=\"main_4\"><\/i>\n                        <div class=\"chiffre\">1 100<\/div> \n                        <div class=\"sous_titre\">Proveedores referenciados<\/div>\n                    <\/div>    \n                                    <div class=\"text-center mb-5 col-6\">\n                        <i class=\"fichier\"><\/i>\n                        <div class=\"chiffre\">1 mill\u00f3n +<\/div> \n                        <div class=\"sous_titre\">de referencias de art\u00edculos<\/div>\n                    <\/div>    \n                                    <div class=\"text-center mb-5 col-6\">\n                        <i class=\"homme_2\"><\/i>\n                        <div class=\"chiffre\">450 000<\/div> \n                        <div class=\"sous_titre\">Clientes<\/div>\n                    <\/div>    \n                                <\/div>\n\n            <\/div>\n\n\n        <\/div>\n    \n\n    <\/div>\n    <div class=\"leadership_bottom d-block d-xl-none p-0\" style=\"background-image: url('https:\/\/recette.descours-cabaud.com\/wp-content\/uploads\/2022\/01\/18.jpg');\"><\/div>\n\n<\/section>\n\n<div class=\"main_container\">\n\n\n\n<div style=\"height:38px\" aria-hidden=\"true\" class=\"wp-block-spacer\"><\/div>\n\n\n\n<p><\/p>\n","protected":false},"excerpt":{"rendered":"<p>La relaci\u00f3n que hemos forjado con nuestros clientes desde hace m\u00e1s de dos siglos se basa en 5 principios inherentes a nuestro rendimiento y que consolidan su confianza en nuestra empresa. PROXIMIDAD La proximidad humana y geogr\u00e1fica de nuestros equipos de ventas COMPETITIVIDADCompetitividad y amplitud de oferta gracias a nuestro poder adquisitivo DISPONIBILIDADDisponibilidad del producto [&hellip;]<\/p>\n","protected":false},"author":2,"featured_media":73,"parent":0,"menu_order":0,"comment_status":"closed","ping_status":"closed","template":"","meta":{"_acf_changed":false,"footnotes":""},"class_list":["post-4871","page","type-page","status-publish","has-post-thumbnail","hentry"],"acf":[],"yoast_head":"<!-- This site is optimized with the Yoast SEO plugin v27.0 - https:\/\/yoast.com\/product\/yoast-seo-wordpress\/ -->\n<title>El Grupo - Descours &amp; Cabaud<\/title>\n<meta name=\"robots\" content=\"index, follow, max-snippet:-1, max-image-preview:large, max-video-preview:-1\" \/>\n<link rel=\"canonical\" href=\"https:\/\/recette.descours-cabaud.com\/es\/el-grupo\/\" \/>\n<meta property=\"og:locale\" content=\"es_ES\" \/>\n<meta property=\"og:type\" content=\"article\" \/>\n<meta property=\"og:title\" content=\"El Grupo - Descours &amp; Cabaud\" \/>\n<meta property=\"og:description\" content=\"La relaci\u00f3n que hemos forjado con nuestros clientes desde hace m\u00e1s de dos siglos se basa en 5 principios inherentes a nuestro rendimiento y que consolidan su confianza en nuestra empresa. PROXIMIDAD La proximidad humana y geogr\u00e1fica de nuestros equipos de ventas COMPETITIVIDADCompetitividad y amplitud de oferta gracias a nuestro poder adquisitivo DISPONIBILIDADDisponibilidad del producto [&hellip;]\" \/>\n<meta property=\"og:url\" content=\"https:\/\/recette.descours-cabaud.com\/es\/el-grupo\/\" \/>\n<meta property=\"og:site_name\" content=\"Descours &amp; Cabaud\" \/>\n<meta property=\"article:modified_time\" content=\"2025-01-08T15:12:22+00:00\" \/>\n<meta property=\"og:image\" content=\"https:\/\/recette.descours-cabaud.com\/wp-content\/uploads\/2022\/01\/bg_reseaux.jpg\" \/>\n\t<meta property=\"og:image:width\" content=\"1920\" \/>\n\t<meta property=\"og:image:height\" content=\"751\" \/>\n\t<meta property=\"og:image:type\" content=\"image\/jpeg\" \/>\n<meta name=\"twitter:card\" content=\"summary_large_image\" \/>\n<meta name=\"twitter:label1\" content=\"Tiempo de lectura\" \/>\n\t<meta name=\"twitter:data1\" content=\"1 minuto\" \/>\n<script type=\"application\/ld+json\" class=\"yoast-schema-graph\">{\"@context\":\"https:\/\/schema.org\",\"@graph\":[{\"@type\":\"WebPage\",\"@id\":\"https:\/\/recette.descours-cabaud.com\/es\/el-grupo\/\",\"url\":\"https:\/\/recette.descours-cabaud.com\/es\/el-grupo\/\",\"name\":\"El Grupo - Descours &amp; Cabaud\",\"isPartOf\":{\"@id\":\"https:\/\/recette.descours-cabaud.com\/es\/#website\"},\"primaryImageOfPage\":{\"@id\":\"https:\/\/recette.descours-cabaud.com\/es\/el-grupo\/#primaryimage\"},\"image\":{\"@id\":\"https:\/\/recette.descours-cabaud.com\/es\/el-grupo\/#primaryimage\"},\"thumbnailUrl\":\"https:\/\/recette.descours-cabaud.com\/wp-content\/uploads\/2022\/01\/bg_reseaux.jpg\",\"datePublished\":\"2022-03-14T15:07:53+00:00\",\"dateModified\":\"2025-01-08T15:12:22+00:00\",\"breadcrumb\":{\"@id\":\"https:\/\/recette.descours-cabaud.com\/es\/el-grupo\/#breadcrumb\"},\"inLanguage\":\"es\",\"potentialAction\":[{\"@type\":\"ReadAction\",\"target\":[\"https:\/\/recette.descours-cabaud.com\/es\/el-grupo\/\"]}]},{\"@type\":\"ImageObject\",\"inLanguage\":\"es\",\"@id\":\"https:\/\/recette.descours-cabaud.com\/es\/el-grupo\/#primaryimage\",\"url\":\"https:\/\/recette.descours-cabaud.com\/wp-content\/uploads\/2022\/01\/bg_reseaux.jpg\",\"contentUrl\":\"https:\/\/recette.descours-cabaud.com\/wp-content\/uploads\/2022\/01\/bg_reseaux.jpg\",\"width\":1920,\"height\":751},{\"@type\":\"BreadcrumbList\",\"@id\":\"https:\/\/recette.descours-cabaud.com\/es\/el-grupo\/#breadcrumb\",\"itemListElement\":[{\"@type\":\"ListItem\",\"position\":1,\"name\":\"Accueil\",\"item\":\"https:\/\/recette.descours-cabaud.com\/es\/\"},{\"@type\":\"ListItem\",\"position\":2,\"name\":\"El Grupo\"}]},{\"@type\":\"WebSite\",\"@id\":\"https:\/\/recette.descours-cabaud.com\/es\/#website\",\"url\":\"https:\/\/recette.descours-cabaud.com\/es\/\",\"name\":\"Descours &amp; Cabaud\",\"description\":\"\",\"potentialAction\":[{\"@type\":\"SearchAction\",\"target\":{\"@type\":\"EntryPoint\",\"urlTemplate\":\"https:\/\/recette.descours-cabaud.com\/es\/?s={search_term_string}\"},\"query-input\":{\"@type\":\"PropertyValueSpecification\",\"valueRequired\":true,\"valueName\":\"search_term_string\"}}],\"inLanguage\":\"es\"}]}<\/script>\n<!-- \/ Yoast SEO plugin. -->","yoast_head_json":{"title":"El Grupo - Descours &amp; Cabaud","robots":{"index":"index","follow":"follow","max-snippet":"max-snippet:-1","max-image-preview":"max-image-preview:large","max-video-preview":"max-video-preview:-1"},"canonical":"https:\/\/recette.descours-cabaud.com\/es\/el-grupo\/","og_locale":"es_ES","og_type":"article","og_title":"El Grupo - Descours &amp; Cabaud","og_description":"La relaci\u00f3n que hemos forjado con nuestros clientes desde hace m\u00e1s de dos siglos se basa en 5 principios inherentes a nuestro rendimiento y que consolidan su confianza en nuestra empresa. PROXIMIDAD La proximidad humana y geogr\u00e1fica de nuestros equipos de ventas COMPETITIVIDADCompetitividad y amplitud de oferta gracias a nuestro poder adquisitivo DISPONIBILIDADDisponibilidad del producto [&hellip;]","og_url":"https:\/\/recette.descours-cabaud.com\/es\/el-grupo\/","og_site_name":"Descours &amp; Cabaud","article_modified_time":"2025-01-08T15:12:22+00:00","og_image":[{"width":1920,"height":751,"url":"https:\/\/recette.descours-cabaud.com\/wp-content\/uploads\/2022\/01\/bg_reseaux.jpg","type":"image\/jpeg"}],"twitter_card":"summary_large_image","twitter_misc":{"Tiempo de lectura":"1 minuto"},"schema":{"@context":"https:\/\/schema.org","@graph":[{"@type":"WebPage","@id":"https:\/\/recette.descours-cabaud.com\/es\/el-grupo\/","url":"https:\/\/recette.descours-cabaud.com\/es\/el-grupo\/","name":"El Grupo - Descours &amp; Cabaud","isPartOf":{"@id":"https:\/\/recette.descours-cabaud.com\/es\/#website"},"primaryImageOfPage":{"@id":"https:\/\/recette.descours-cabaud.com\/es\/el-grupo\/#primaryimage"},"image":{"@id":"https:\/\/recette.descours-cabaud.com\/es\/el-grupo\/#primaryimage"},"thumbnailUrl":"https:\/\/recette.descours-cabaud.com\/wp-content\/uploads\/2022\/01\/bg_reseaux.jpg","datePublished":"2022-03-14T15:07:53+00:00","dateModified":"2025-01-08T15:12:22+00:00","breadcrumb":{"@id":"https:\/\/recette.descours-cabaud.com\/es\/el-grupo\/#breadcrumb"},"inLanguage":"es","potentialAction":[{"@type":"ReadAction","target":["https:\/\/recette.descours-cabaud.com\/es\/el-grupo\/"]}]},{"@type":"ImageObject","inLanguage":"es","@id":"https:\/\/recette.descours-cabaud.com\/es\/el-grupo\/#primaryimage","url":"https:\/\/recette.descours-cabaud.com\/wp-content\/uploads\/2022\/01\/bg_reseaux.jpg","contentUrl":"https:\/\/recette.descours-cabaud.com\/wp-content\/uploads\/2022\/01\/bg_reseaux.jpg","width":1920,"height":751},{"@type":"BreadcrumbList","@id":"https:\/\/recette.descours-cabaud.com\/es\/el-grupo\/#breadcrumb","itemListElement":[{"@type":"ListItem","position":1,"name":"Accueil","item":"https:\/\/recette.descours-cabaud.com\/es\/"},{"@type":"ListItem","position":2,"name":"El Grupo"}]},{"@type":"WebSite","@id":"https:\/\/recette.descours-cabaud.com\/es\/#website","url":"https:\/\/recette.descours-cabaud.com\/es\/","name":"Descours &amp; Cabaud","description":"","potentialAction":[{"@type":"SearchAction","target":{"@type":"EntryPoint","urlTemplate":"https:\/\/recette.descours-cabaud.com\/es\/?s={search_term_string}"},"query-input":{"@type":"PropertyValueSpecification","valueRequired":true,"valueName":"search_term_string"}}],"inLanguage":"es"}]}},"_links":{"self":[{"href":"https:\/\/recette.descours-cabaud.com\/es\/wp-json\/wp\/v2\/pages\/4871","targetHints":{"allow":["GET"]}}],"collection":[{"href":"https:\/\/recette.descours-cabaud.com\/es\/wp-json\/wp\/v2\/pages"}],"about":[{"href":"https:\/\/recette.descours-cabaud.com\/es\/wp-json\/wp\/v2\/types\/page"}],"author":[{"embeddable":true,"href":"https:\/\/recette.descours-cabaud.com\/es\/wp-json\/wp\/v2\/users\/2"}],"replies":[{"embeddable":true,"href":"https:\/\/recette.descours-cabaud.com\/es\/wp-json\/wp\/v2\/comments?post=4871"}],"version-history":[{"count":30,"href":"https:\/\/recette.descours-cabaud.com\/es\/wp-json\/wp\/v2\/pages\/4871\/revisions"}],"predecessor-version":[{"id":9009,"href":"https:\/\/recette.descours-cabaud.com\/es\/wp-json\/wp\/v2\/pages\/4871\/revisions\/9009"}],"wp:featuredmedia":[{"embeddable":true,"href":"https:\/\/recette.descours-cabaud.com\/es\/wp-json\/wp\/v2\/media\/73"}],"wp:attachment":[{"href":"https:\/\/recette.descours-cabaud.com\/es\/wp-json\/wp\/v2\/media?parent=4871"}],"curies":[{"name":"wp","href":"https:\/\/api.w.org\/{rel}","templated":true}]}}