{"id":5881,"date":"2022-03-22T13:18:04","date_gmt":"2022-03-22T12:18:04","guid":{"rendered":"https:\/\/recette.descours-cabaud.com\/unase-a-nosotros\/"},"modified":"2022-03-22T13:26:55","modified_gmt":"2022-03-22T12:26:55","slug":"unase-a-nosotros","status":"publish","type":"page","link":"https:\/\/recette.descours-cabaud.com\/es\/unase-a-nosotros\/","title":{"rendered":"\u00danase a nosotros"},"content":{"rendered":"<\/div>\n\n\n<section  class=\"bg-white\">\n    <div class=\"main_container\">\n    \n        <div class=\"row\">\n        <div class=\"col\">\n            <h2>Construir el futuro, empezando por el suyo<\/h2>\n            <h3>En DESCOURS &amp; CABAUD nos gusta pensar que podemos ser profesionales y cercanos al mismo tiempo.<br \/>\n\u00bfPor qu\u00e9 deber\u00eda unirse a nosotros?<\/h3>\n        <\/div>\n    <\/div>\n    \n        <div class=\"row scrollbar\">\n        \n                        <div class=\"col col_info my-2\">\n                <div class=\"card h-100 card-actu rounded infos_vertical\">\n                    <div class=\"card-img-top\" style=\"background-image: url('https:\/\/recette.descours-cabaud.com\/wp-content\/uploads\/2022\/02\/IMG_9782-scaled.jpg')\"><\/div>\n                    <div class=\"card-body p-4\">\n                        <h3>Convi\u00e9rtase en protagonista de su carrera<\/h3>\n<p>Aprovecha la oportunidad de dar un nuevo impulso a tu carrera, sea cual sea tu formaci\u00f3n. Fomentamos el desarrollo de habilidades y ofrecemos una amplia gama de cursos de formaci\u00f3n para que pueda progresar dentro del Grupo.<br \/>\nGracias a la cobertura territorial de nuestras agencias y a la diversidad de los puestos de trabajo ofrecidos, tendr\u00e1 muchas oportunidades de movilidad geogr\u00e1fica y sectorial. La diversidad y la versatilidad de nuestros encargos son una aut\u00e9ntica ventaja que dar\u00e1 un verdadero impulso a todos sus proyectos profesionales.<\/p>\n<p><span style=\"color: #e40421;\"><strong>Porque construir es tambi\u00e9n construirse a s\u00ed mismo.<\/strong><\/span><\/p>\n                    <\/div>\n                <\/div>\n            <\/div>\n                    <div class=\"col col_info my-2\">\n                <div class=\"card h-100 card-actu rounded infos_vertical\">\n                    <div class=\"card-img-top\" style=\"background-image: url('https:\/\/recette.descours-cabaud.com\/wp-content\/uploads\/2022\/02\/IMG_2116b.jpg')\"><\/div>\n                    <div class=\"card-body p-4\">\n                        <h3>Crecer en un esp\u00edritu familiar<\/h3>\n<p>Solidaridad, benevolencia, compartir y convivencia son las palabras clave del esp\u00edritu de familia que anima a DESCOURS &amp; CABAUD.<br \/>\nTrabajar\u00e1s en un equipo de entusiastas que siempre est\u00e1n atentos a la conciliaci\u00f3n de la vida personal y laboral de cada uno.<br \/>\nTendr\u00e1 la oportunidad de desarrollar sus habilidades a trav\u00e9s del contacto con sus colegas, gracias a la cultura de ayuda mutua que es tan importante para cada uno de nosotros.<br \/>\nEste estado de \u00e1nimo garantiza la estabilidad y la confianza en el futuro de todos nuestros profesionales.<\/p>\n<p><span style=\"color: #e40421;\"><strong>Porque crecer es tambi\u00e9n hacer crecer a la gente.<\/strong><\/span><\/p>\n                    <\/div>\n                <\/div>\n            <\/div>\n                    <div class=\"col col_info my-2\">\n                <div class=\"card h-100 card-actu rounded infos_vertical\">\n                    <div class=\"card-img-top\" style=\"background-image: url('https:\/\/recette.descours-cabaud.com\/wp-content\/uploads\/2022\/02\/IMG_0161b.jpg')\"><\/div>\n                    <div class=\"card-body p-4\">\n                        <h3>Acepta los retos que te impulsan<\/h3>\n<p>Valoramos la libertad empresarial de nuestros empleados y su autonom\u00eda para alcanzar la excelencia. A todos les mueve el deseo de cumplir su misi\u00f3n y llevar a nuestros clientes m\u00e1s lejos. Esta audacia y deseo de mover las l\u00edneas est\u00e1 llevando a una r\u00e1pida transformaci\u00f3n dentro del Grupo, que se est\u00e1 reinventando en beneficio de sus clientes y sus equipos. La modernizaci\u00f3n, la digitalizaci\u00f3n y la unificaci\u00f3n son proyectos de gran envergadura puestos en marcha en todo el Grupo para dotar a todos de medios para actuar con agilidad y rendimiento.<\/p>\n<p><span style=\"color: #e40421;\"><strong>Porque rendimiento tambi\u00e9n significa transformaci\u00f3n.<\/strong><\/span><\/p>\n                    <\/div>\n                <\/div>\n            <\/div>\n                \n        <\/div>\n    <\/div>\n<\/section>\n\n<div class=\"main_container\">\n\n\n\n\n<p class=\"has-text-align-center\">Descubra todas nuestras ofertas de empleo y presente su candidatura en l\u00ednea en :<\/p>\n\n\n\n<div class=\"wp-block-buttons mb-5 is-horizontal is-content-justification-center is-layout-flex wp-container-core-buttons-is-layout-499968f5 wp-block-buttons-is-layout-flex\">\n<div class=\"wp-block-button is-style-outline mb-5 is-style-outline--1\"><a class=\"wp-block-button__link has-white-background-color has-text-color has-background\" href=\"https:\/\/www.descours-cabaud-carrieres.com\/\" style=\"border-radius:10px;color:#e40421\" target=\"_blank\" rel=\"noreferrer noopener\"><strong>www.descours-cabaud-carrieres.com<\/strong><\/a><\/div>\n<\/div>\n","protected":false},"excerpt":{"rendered":"<p>Descubra todas nuestras ofertas de empleo y presente su candidatura en l\u00ednea en :<\/p>\n","protected":false},"author":2,"featured_media":6400,"parent":0,"menu_order":0,"comment_status":"closed","ping_status":"closed","template":"","meta":{"_acf_changed":false,"footnotes":""},"class_list":["post-5881","page","type-page","status-publish","has-post-thumbnail","hentry"],"acf":[],"yoast_head":"<!-- This site is optimized with the Yoast SEO plugin v27.0 - https:\/\/yoast.com\/product\/yoast-seo-wordpress\/ -->\n<title>\u00danase a nosotros - Descours &amp; Cabaud<\/title>\n<meta name=\"robots\" content=\"index, follow, max-snippet:-1, max-image-preview:large, max-video-preview:-1\" \/>\n<link rel=\"canonical\" href=\"https:\/\/recette.descours-cabaud.com\/es\/unase-a-nosotros\/\" \/>\n<meta property=\"og:locale\" content=\"es_ES\" \/>\n<meta property=\"og:type\" content=\"article\" \/>\n<meta property=\"og:title\" content=\"\u00danase a nosotros - Descours &amp; Cabaud\" \/>\n<meta property=\"og:description\" content=\"Descubra todas nuestras ofertas de empleo y presente su candidatura en l\u00ednea en :\" \/>\n<meta property=\"og:url\" content=\"https:\/\/recette.descours-cabaud.com\/es\/unase-a-nosotros\/\" \/>\n<meta property=\"og:site_name\" content=\"Descours &amp; Cabaud\" \/>\n<meta property=\"article:modified_time\" content=\"2022-03-22T12:26:55+00:00\" \/>\n<meta property=\"og:image\" content=\"https:\/\/recette.descours-cabaud.com\/wp-content\/uploads\/2022\/02\/IMG_8778b.jpg\" \/>\n\t<meta property=\"og:image:width\" content=\"1925\" \/>\n\t<meta property=\"og:image:height\" content=\"623\" \/>\n\t<meta property=\"og:image:type\" content=\"image\/jpeg\" \/>\n<meta name=\"twitter:card\" content=\"summary_large_image\" \/>\n<meta name=\"twitter:label1\" content=\"Tiempo de lectura\" \/>\n\t<meta name=\"twitter:data1\" content=\"1 minuto\" \/>\n<script type=\"application\/ld+json\" class=\"yoast-schema-graph\">{\"@context\":\"https:\/\/schema.org\",\"@graph\":[{\"@type\":\"WebPage\",\"@id\":\"https:\/\/recette.descours-cabaud.com\/es\/unase-a-nosotros\/\",\"url\":\"https:\/\/recette.descours-cabaud.com\/es\/unase-a-nosotros\/\",\"name\":\"\u00danase a nosotros - Descours &amp; Cabaud\",\"isPartOf\":{\"@id\":\"https:\/\/recette.descours-cabaud.com\/es\/#website\"},\"primaryImageOfPage\":{\"@id\":\"https:\/\/recette.descours-cabaud.com\/es\/unase-a-nosotros\/#primaryimage\"},\"image\":{\"@id\":\"https:\/\/recette.descours-cabaud.com\/es\/unase-a-nosotros\/#primaryimage\"},\"thumbnailUrl\":\"https:\/\/recette.descours-cabaud.com\/wp-content\/uploads\/2022\/04\/rejoignez-nous-fr4.jpg\",\"datePublished\":\"2022-03-22T12:18:04+00:00\",\"dateModified\":\"2022-03-22T12:26:55+00:00\",\"breadcrumb\":{\"@id\":\"https:\/\/recette.descours-cabaud.com\/es\/unase-a-nosotros\/#breadcrumb\"},\"inLanguage\":\"es\",\"potentialAction\":[{\"@type\":\"ReadAction\",\"target\":[\"https:\/\/recette.descours-cabaud.com\/es\/unase-a-nosotros\/\"]}]},{\"@type\":\"ImageObject\",\"inLanguage\":\"es\",\"@id\":\"https:\/\/recette.descours-cabaud.com\/es\/unase-a-nosotros\/#primaryimage\",\"url\":\"https:\/\/recette.descours-cabaud.com\/wp-content\/uploads\/2022\/04\/rejoignez-nous-fr4.jpg\",\"contentUrl\":\"https:\/\/recette.descours-cabaud.com\/wp-content\/uploads\/2022\/04\/rejoignez-nous-fr4.jpg\",\"width\":1920,\"height\":600},{\"@type\":\"BreadcrumbList\",\"@id\":\"https:\/\/recette.descours-cabaud.com\/es\/unase-a-nosotros\/#breadcrumb\",\"itemListElement\":[{\"@type\":\"ListItem\",\"position\":1,\"name\":\"Accueil\",\"item\":\"https:\/\/recette.descours-cabaud.com\/es\/\"},{\"@type\":\"ListItem\",\"position\":2,\"name\":\"\u00danase a nosotros\"}]},{\"@type\":\"WebSite\",\"@id\":\"https:\/\/recette.descours-cabaud.com\/es\/#website\",\"url\":\"https:\/\/recette.descours-cabaud.com\/es\/\",\"name\":\"Descours &amp; Cabaud\",\"description\":\"\",\"potentialAction\":[{\"@type\":\"SearchAction\",\"target\":{\"@type\":\"EntryPoint\",\"urlTemplate\":\"https:\/\/recette.descours-cabaud.com\/es\/?s={search_term_string}\"},\"query-input\":{\"@type\":\"PropertyValueSpecification\",\"valueRequired\":true,\"valueName\":\"search_term_string\"}}],\"inLanguage\":\"es\"}]}<\/script>\n<!-- \/ Yoast SEO plugin. -->","yoast_head_json":{"title":"\u00danase a nosotros - Descours &amp; Cabaud","robots":{"index":"index","follow":"follow","max-snippet":"max-snippet:-1","max-image-preview":"max-image-preview:large","max-video-preview":"max-video-preview:-1"},"canonical":"https:\/\/recette.descours-cabaud.com\/es\/unase-a-nosotros\/","og_locale":"es_ES","og_type":"article","og_title":"\u00danase a nosotros - Descours &amp; Cabaud","og_description":"Descubra todas nuestras ofertas de empleo y presente su candidatura en l\u00ednea en :","og_url":"https:\/\/recette.descours-cabaud.com\/es\/unase-a-nosotros\/","og_site_name":"Descours &amp; Cabaud","article_modified_time":"2022-03-22T12:26:55+00:00","og_image":[{"width":1925,"height":623,"url":"https:\/\/recette.descours-cabaud.com\/wp-content\/uploads\/2022\/02\/IMG_8778b.jpg","type":"image\/jpeg"}],"twitter_card":"summary_large_image","twitter_misc":{"Tiempo de lectura":"1 minuto"},"schema":{"@context":"https:\/\/schema.org","@graph":[{"@type":"WebPage","@id":"https:\/\/recette.descours-cabaud.com\/es\/unase-a-nosotros\/","url":"https:\/\/recette.descours-cabaud.com\/es\/unase-a-nosotros\/","name":"\u00danase a nosotros - Descours &amp; Cabaud","isPartOf":{"@id":"https:\/\/recette.descours-cabaud.com\/es\/#website"},"primaryImageOfPage":{"@id":"https:\/\/recette.descours-cabaud.com\/es\/unase-a-nosotros\/#primaryimage"},"image":{"@id":"https:\/\/recette.descours-cabaud.com\/es\/unase-a-nosotros\/#primaryimage"},"thumbnailUrl":"https:\/\/recette.descours-cabaud.com\/wp-content\/uploads\/2022\/04\/rejoignez-nous-fr4.jpg","datePublished":"2022-03-22T12:18:04+00:00","dateModified":"2022-03-22T12:26:55+00:00","breadcrumb":{"@id":"https:\/\/recette.descours-cabaud.com\/es\/unase-a-nosotros\/#breadcrumb"},"inLanguage":"es","potentialAction":[{"@type":"ReadAction","target":["https:\/\/recette.descours-cabaud.com\/es\/unase-a-nosotros\/"]}]},{"@type":"ImageObject","inLanguage":"es","@id":"https:\/\/recette.descours-cabaud.com\/es\/unase-a-nosotros\/#primaryimage","url":"https:\/\/recette.descours-cabaud.com\/wp-content\/uploads\/2022\/04\/rejoignez-nous-fr4.jpg","contentUrl":"https:\/\/recette.descours-cabaud.com\/wp-content\/uploads\/2022\/04\/rejoignez-nous-fr4.jpg","width":1920,"height":600},{"@type":"BreadcrumbList","@id":"https:\/\/recette.descours-cabaud.com\/es\/unase-a-nosotros\/#breadcrumb","itemListElement":[{"@type":"ListItem","position":1,"name":"Accueil","item":"https:\/\/recette.descours-cabaud.com\/es\/"},{"@type":"ListItem","position":2,"name":"\u00danase a nosotros"}]},{"@type":"WebSite","@id":"https:\/\/recette.descours-cabaud.com\/es\/#website","url":"https:\/\/recette.descours-cabaud.com\/es\/","name":"Descours &amp; Cabaud","description":"","potentialAction":[{"@type":"SearchAction","target":{"@type":"EntryPoint","urlTemplate":"https:\/\/recette.descours-cabaud.com\/es\/?s={search_term_string}"},"query-input":{"@type":"PropertyValueSpecification","valueRequired":true,"valueName":"search_term_string"}}],"inLanguage":"es"}]}},"_links":{"self":[{"href":"https:\/\/recette.descours-cabaud.com\/es\/wp-json\/wp\/v2\/pages\/5881","targetHints":{"allow":["GET"]}}],"collection":[{"href":"https:\/\/recette.descours-cabaud.com\/es\/wp-json\/wp\/v2\/pages"}],"about":[{"href":"https:\/\/recette.descours-cabaud.com\/es\/wp-json\/wp\/v2\/types\/page"}],"author":[{"embeddable":true,"href":"https:\/\/recette.descours-cabaud.com\/es\/wp-json\/wp\/v2\/users\/2"}],"replies":[{"embeddable":true,"href":"https:\/\/recette.descours-cabaud.com\/es\/wp-json\/wp\/v2\/comments?post=5881"}],"version-history":[{"count":6,"href":"https:\/\/recette.descours-cabaud.com\/es\/wp-json\/wp\/v2\/pages\/5881\/revisions"}],"predecessor-version":[{"id":6023,"href":"https:\/\/recette.descours-cabaud.com\/es\/wp-json\/wp\/v2\/pages\/5881\/revisions\/6023"}],"wp:featuredmedia":[{"embeddable":true,"href":"https:\/\/recette.descours-cabaud.com\/es\/wp-json\/wp\/v2\/media\/6400"}],"wp:attachment":[{"href":"https:\/\/recette.descours-cabaud.com\/es\/wp-json\/wp\/v2\/media?parent=5881"}],"curies":[{"name":"wp","href":"https:\/\/api.w.org\/{rel}","templated":true}]}}