{"id":6081,"date":"2022-04-04T16:46:01","date_gmt":"2022-04-04T14:46:01","guid":{"rendered":"https:\/\/recette.descours-cabaud.com\/informacion-legal\/"},"modified":"2022-04-04T16:46:05","modified_gmt":"2022-04-04T14:46:05","slug":"informacion-legal","status":"publish","type":"page","link":"https:\/\/recette.descours-cabaud.com\/es\/informacion-legal\/","title":{"rendered":"Informaci\u00f3n legal"},"content":{"rendered":"\n<h2 class=\"wp-block-heading\" id=\"identification-et-publication\">Identification et publication<\/h2>\n\n<p>IDENTIFICACI\u00d3N Y PUBLICACI\u00d3N&#13;\n&#13;\nEste sitio est\u00e1 publicado por : SOGEDESCA, (Soci\u00e9t\u00e9 de Gestion des services communs du groupe DESCOURS &amp; CABAUD), sociedad an\u00f3nima con un capital de 500.000 euros&#13;\n&#13;\nN\u00daMERO DE SIRENA: 965 507 684&#13;\n&#13;\nEl director de la publicaci\u00f3n es el Sr. Herv\u00e9 Patin, en su calidad de director de SOGEDESCA.&#13;\n&#13;\nTel\u00e9fono: 04 72 40 85 85, correo electr\u00f3nico: com@descours-cabaud.net<\/p>\n\n<h2 class=\"wp-block-heading\" id=\"hebergeur\">HOST<\/h2>\n\n<p>El alojamiento del sitio web es INFODESCA, situado en 4, Quai des Etroits &#8211; 69005 LYON. Para m\u00e1s informaci\u00f3n, p\u00f3ngase en contacto con el departamento de comunicaci\u00f3n en la siguiente direcci\u00f3n: com@descours-cabaud.net.<\/p>\n\n<h2 class=\"wp-block-heading\" id=\"finalite\"> PROP\u00d3SITO<\/h2>\n\n<p>El objetivo d\u2019este sitio es presentar las actividades del Grupo DESCOURS &amp; CABAUD.<\/p>\n\n<h2 class=\"wp-block-heading\" id=\"donnees-personnelles\">DATOS PERSONALES<\/h2>\n\n<p>Sus datos, recogidos por recette.descours-cabaud.com a trav\u00e9s del formulario de contacto, son objeto de tratamiento inform\u00e1tico. Los datos est\u00e1n destinados a nuestro departamento de comunicaci\u00f3n encargado de gestionar las solicitudes.&#13;\n&#13;\nDe acuerdo con el Reglamento (UE) 2016\/679 del Parlamento Europeo y del Consejo, de 27 de abril de 2016, tienes derecho a acceder, rectificar, borrar y portar tus datos personales. Adem\u00e1s, puede solicitar la limitaci\u00f3n u oponerse al tratamiento de sus datos.&#13;\n&#13;\nEn cumplimiento de la normativa aplicable y con el fin de garantizar la protecci\u00f3n de sus datos personales, SOGEDESCA ha designado un responsable de la protecci\u00f3n de datos. Puede ejercer este derecho enviando una carta a la siguiente direcci\u00f3n&#13;\n&#13;\nSOGEDESCA &#8211; A la atenci\u00f3n de la OPD &#8211; 10, Rue du G\u00e9n\u00e9ral Plessier &#8211; 69002 LYON&#13;\n&#13;\no por correo electr\u00f3nico a la direcci\u00f3n: dpo-fr@descours-cabaud.net.&#13;\n&#13;\nPor \u00faltimo, tiene derecho a presentar un recurso ante la autoridad de control.<\/p>\n\n<h2 class=\"wp-block-heading\" id=\"conservation-des-donnees\">ALMACENAMIENTO DE DATOS<\/h2>\n\n<p>Los datos personales que nos ha enviado a trav\u00e9s del formulario de contacto se conservan durante un periodo de 6 meses.<\/p>\n\n<h2 class=\"wp-block-heading\" id=\"propriete-intellectuelle\">PROPIEDAD INTELECTUAL<\/h2>\n\n<p>Al conectarse a esta p\u00e1gina web de SOGEDESCA, que es titular de todos los derechos de propiedad intelectual relativos a la misma, usted se compromete a no copiar ni descargar la totalidad o parte de su contenido, salvo que cuente con nuestra autorizaci\u00f3n previa y expresa.<\/p>\n\n<h2 class=\"wp-block-heading\" id=\"droit-applicable\">LEY APLICABLE<\/h2>\n\n<p>Este sitio y sus avisos legales est\u00e1n sujetos a la legislaci\u00f3n francesa.<\/p>\n","protected":false},"excerpt":{"rendered":"<p>Identification et publication IDENTIFICACI\u00d3N Y PUBLICACI\u00d3N&#13; &#13; Este sitio est\u00e1 publicado por : SOGEDESCA, (Soci\u00e9t\u00e9 de Gestion des services communs du groupe DESCOURS &amp; CABAUD), sociedad an\u00f3nima con un capital de 500.000 euros&#13; &#13; N\u00daMERO DE SIRENA: 965 507 684&#13; &#13; El director de la publicaci\u00f3n es el Sr. Herv\u00e9 Patin, en su calidad de [&hellip;]<\/p>\n","protected":false},"author":5,"featured_media":3176,"parent":0,"menu_order":0,"comment_status":"closed","ping_status":"open","template":"","meta":{"_acf_changed":false,"footnotes":""},"class_list":["post-6081","page","type-page","status-publish","has-post-thumbnail","hentry"],"acf":[],"yoast_head":"<!-- This site is optimized with the Yoast SEO plugin v27.0 - https:\/\/yoast.com\/product\/yoast-seo-wordpress\/ -->\n<title>Informaci\u00f3n legal - Descours &amp; Cabaud<\/title>\n<meta name=\"robots\" content=\"index, follow, max-snippet:-1, max-image-preview:large, max-video-preview:-1\" \/>\n<link rel=\"canonical\" href=\"https:\/\/recette.descours-cabaud.com\/es\/informacion-legal\/\" \/>\n<meta property=\"og:locale\" content=\"es_ES\" \/>\n<meta property=\"og:type\" content=\"article\" \/>\n<meta property=\"og:title\" content=\"Informaci\u00f3n legal - Descours &amp; Cabaud\" \/>\n<meta property=\"og:description\" content=\"Identification et publication IDENTIFICACI\u00d3N Y PUBLICACI\u00d3N&#013; &#013; Este sitio est\u00e1 publicado por : SOGEDESCA, (Soci\u00e9t\u00e9 de Gestion des services communs du groupe DESCOURS &amp; CABAUD), sociedad an\u00f3nima con un capital de 500.000 euros&#013; &#013; N\u00daMERO DE SIRENA: 965 507 684&#013; &#013; El director de la publicaci\u00f3n es el Sr. Herv\u00e9 Patin, en su calidad de [&hellip;]\" \/>\n<meta property=\"og:url\" content=\"https:\/\/recette.descours-cabaud.com\/es\/informacion-legal\/\" \/>\n<meta property=\"og:site_name\" content=\"Descours &amp; Cabaud\" \/>\n<meta property=\"article:modified_time\" content=\"2022-04-04T14:46:05+00:00\" \/>\n<meta property=\"og:image\" content=\"https:\/\/recette.descours-cabaud.com\/wp-content\/uploads\/2022\/02\/mentions_legales-3-scaled.jpg\" \/>\n\t<meta property=\"og:image:width\" content=\"2560\" \/>\n\t<meta property=\"og:image:height\" content=\"1201\" \/>\n\t<meta property=\"og:image:type\" content=\"image\/jpeg\" \/>\n<meta name=\"twitter:card\" content=\"summary_large_image\" \/>\n<meta name=\"twitter:label1\" content=\"Tiempo de lectura\" \/>\n\t<meta name=\"twitter:data1\" content=\"2 minutos\" \/>\n<script type=\"application\/ld+json\" class=\"yoast-schema-graph\">{\"@context\":\"https:\/\/schema.org\",\"@graph\":[{\"@type\":\"WebPage\",\"@id\":\"https:\/\/recette.descours-cabaud.com\/es\/informacion-legal\/\",\"url\":\"https:\/\/recette.descours-cabaud.com\/es\/informacion-legal\/\",\"name\":\"Informaci\u00f3n legal - Descours &amp; Cabaud\",\"isPartOf\":{\"@id\":\"https:\/\/recette.descours-cabaud.com\/es\/#website\"},\"primaryImageOfPage\":{\"@id\":\"https:\/\/recette.descours-cabaud.com\/es\/informacion-legal\/#primaryimage\"},\"image\":{\"@id\":\"https:\/\/recette.descours-cabaud.com\/es\/informacion-legal\/#primaryimage\"},\"thumbnailUrl\":\"https:\/\/recette.descours-cabaud.com\/wp-content\/uploads\/2022\/02\/mentions_legales-3-scaled.jpg\",\"datePublished\":\"2022-04-04T14:46:01+00:00\",\"dateModified\":\"2022-04-04T14:46:05+00:00\",\"breadcrumb\":{\"@id\":\"https:\/\/recette.descours-cabaud.com\/es\/informacion-legal\/#breadcrumb\"},\"inLanguage\":\"es\",\"potentialAction\":[{\"@type\":\"ReadAction\",\"target\":[\"https:\/\/recette.descours-cabaud.com\/es\/informacion-legal\/\"]}]},{\"@type\":\"ImageObject\",\"inLanguage\":\"es\",\"@id\":\"https:\/\/recette.descours-cabaud.com\/es\/informacion-legal\/#primaryimage\",\"url\":\"https:\/\/recette.descours-cabaud.com\/wp-content\/uploads\/2022\/02\/mentions_legales-3-scaled.jpg\",\"contentUrl\":\"https:\/\/recette.descours-cabaud.com\/wp-content\/uploads\/2022\/02\/mentions_legales-3-scaled.jpg\",\"width\":2560,\"height\":1201},{\"@type\":\"BreadcrumbList\",\"@id\":\"https:\/\/recette.descours-cabaud.com\/es\/informacion-legal\/#breadcrumb\",\"itemListElement\":[{\"@type\":\"ListItem\",\"position\":1,\"name\":\"Accueil\",\"item\":\"https:\/\/recette.descours-cabaud.com\/es\/\"},{\"@type\":\"ListItem\",\"position\":2,\"name\":\"Informaci\u00f3n legal\"}]},{\"@type\":\"WebSite\",\"@id\":\"https:\/\/recette.descours-cabaud.com\/es\/#website\",\"url\":\"https:\/\/recette.descours-cabaud.com\/es\/\",\"name\":\"Descours &amp; Cabaud\",\"description\":\"\",\"potentialAction\":[{\"@type\":\"SearchAction\",\"target\":{\"@type\":\"EntryPoint\",\"urlTemplate\":\"https:\/\/recette.descours-cabaud.com\/es\/?s={search_term_string}\"},\"query-input\":{\"@type\":\"PropertyValueSpecification\",\"valueRequired\":true,\"valueName\":\"search_term_string\"}}],\"inLanguage\":\"es\"}]}<\/script>\n<!-- \/ Yoast SEO plugin. -->","yoast_head_json":{"title":"Informaci\u00f3n legal - Descours &amp; Cabaud","robots":{"index":"index","follow":"follow","max-snippet":"max-snippet:-1","max-image-preview":"max-image-preview:large","max-video-preview":"max-video-preview:-1"},"canonical":"https:\/\/recette.descours-cabaud.com\/es\/informacion-legal\/","og_locale":"es_ES","og_type":"article","og_title":"Informaci\u00f3n legal - Descours &amp; Cabaud","og_description":"Identification et publication IDENTIFICACI\u00d3N Y PUBLICACI\u00d3N&#13; &#13; Este sitio est\u00e1 publicado por : SOGEDESCA, (Soci\u00e9t\u00e9 de Gestion des services communs du groupe DESCOURS &amp; CABAUD), sociedad an\u00f3nima con un capital de 500.000 euros&#13; &#13; N\u00daMERO DE SIRENA: 965 507 684&#13; &#13; El director de la publicaci\u00f3n es el Sr. Herv\u00e9 Patin, en su calidad de [&hellip;]","og_url":"https:\/\/recette.descours-cabaud.com\/es\/informacion-legal\/","og_site_name":"Descours &amp; Cabaud","article_modified_time":"2022-04-04T14:46:05+00:00","og_image":[{"width":2560,"height":1201,"url":"https:\/\/recette.descours-cabaud.com\/wp-content\/uploads\/2022\/02\/mentions_legales-3-scaled.jpg","type":"image\/jpeg"}],"twitter_card":"summary_large_image","twitter_misc":{"Tiempo de lectura":"2 minutos"},"schema":{"@context":"https:\/\/schema.org","@graph":[{"@type":"WebPage","@id":"https:\/\/recette.descours-cabaud.com\/es\/informacion-legal\/","url":"https:\/\/recette.descours-cabaud.com\/es\/informacion-legal\/","name":"Informaci\u00f3n legal - Descours &amp; Cabaud","isPartOf":{"@id":"https:\/\/recette.descours-cabaud.com\/es\/#website"},"primaryImageOfPage":{"@id":"https:\/\/recette.descours-cabaud.com\/es\/informacion-legal\/#primaryimage"},"image":{"@id":"https:\/\/recette.descours-cabaud.com\/es\/informacion-legal\/#primaryimage"},"thumbnailUrl":"https:\/\/recette.descours-cabaud.com\/wp-content\/uploads\/2022\/02\/mentions_legales-3-scaled.jpg","datePublished":"2022-04-04T14:46:01+00:00","dateModified":"2022-04-04T14:46:05+00:00","breadcrumb":{"@id":"https:\/\/recette.descours-cabaud.com\/es\/informacion-legal\/#breadcrumb"},"inLanguage":"es","potentialAction":[{"@type":"ReadAction","target":["https:\/\/recette.descours-cabaud.com\/es\/informacion-legal\/"]}]},{"@type":"ImageObject","inLanguage":"es","@id":"https:\/\/recette.descours-cabaud.com\/es\/informacion-legal\/#primaryimage","url":"https:\/\/recette.descours-cabaud.com\/wp-content\/uploads\/2022\/02\/mentions_legales-3-scaled.jpg","contentUrl":"https:\/\/recette.descours-cabaud.com\/wp-content\/uploads\/2022\/02\/mentions_legales-3-scaled.jpg","width":2560,"height":1201},{"@type":"BreadcrumbList","@id":"https:\/\/recette.descours-cabaud.com\/es\/informacion-legal\/#breadcrumb","itemListElement":[{"@type":"ListItem","position":1,"name":"Accueil","item":"https:\/\/recette.descours-cabaud.com\/es\/"},{"@type":"ListItem","position":2,"name":"Informaci\u00f3n legal"}]},{"@type":"WebSite","@id":"https:\/\/recette.descours-cabaud.com\/es\/#website","url":"https:\/\/recette.descours-cabaud.com\/es\/","name":"Descours &amp; Cabaud","description":"","potentialAction":[{"@type":"SearchAction","target":{"@type":"EntryPoint","urlTemplate":"https:\/\/recette.descours-cabaud.com\/es\/?s={search_term_string}"},"query-input":{"@type":"PropertyValueSpecification","valueRequired":true,"valueName":"search_term_string"}}],"inLanguage":"es"}]}},"_links":{"self":[{"href":"https:\/\/recette.descours-cabaud.com\/es\/wp-json\/wp\/v2\/pages\/6081","targetHints":{"allow":["GET"]}}],"collection":[{"href":"https:\/\/recette.descours-cabaud.com\/es\/wp-json\/wp\/v2\/pages"}],"about":[{"href":"https:\/\/recette.descours-cabaud.com\/es\/wp-json\/wp\/v2\/types\/page"}],"author":[{"embeddable":true,"href":"https:\/\/recette.descours-cabaud.com\/es\/wp-json\/wp\/v2\/users\/5"}],"replies":[{"embeddable":true,"href":"https:\/\/recette.descours-cabaud.com\/es\/wp-json\/wp\/v2\/comments?post=6081"}],"version-history":[{"count":3,"href":"https:\/\/recette.descours-cabaud.com\/es\/wp-json\/wp\/v2\/pages\/6081\/revisions"}],"predecessor-version":[{"id":6084,"href":"https:\/\/recette.descours-cabaud.com\/es\/wp-json\/wp\/v2\/pages\/6081\/revisions\/6084"}],"wp:featuredmedia":[{"embeddable":true,"href":"https:\/\/recette.descours-cabaud.com\/es\/wp-json\/wp\/v2\/media\/3176"}],"wp:attachment":[{"href":"https:\/\/recette.descours-cabaud.com\/es\/wp-json\/wp\/v2\/media?parent=6081"}],"curies":[{"name":"wp","href":"https:\/\/api.w.org\/{rel}","templated":true}]}}