{"id":6093,"date":"2022-04-04T16:56:50","date_gmt":"2022-04-04T14:56:50","guid":{"rendered":"https:\/\/recette.descours-cabaud.com\/nuestro-enfoque-de-las-cuentas-clave\/"},"modified":"2024-12-11T14:05:13","modified_gmt":"2024-12-11T13:05:13","slug":"nuestro-enfoque-de-las-cuentas-clave","status":"publish","type":"page","link":"https:\/\/recette.descours-cabaud.com\/es\/nuestro-enfoque-de-las-cuentas-clave\/","title":{"rendered":"Nuestro enfoque de las cuentas clave"},"content":{"rendered":"\n<p class=\"mt-5 mb-5 ariane\"><a href=\"https:\/\/recette.descours-cabaud.com\/es\/\">&lt; Volver al inicio<\/a><\/p>\n<\/div>\n\n\n<section  class=\"bg-white\">\n    <div class=\"main_container\">\n    \n        <div class=\"row\">\n        <div class=\"col\">\n            <h2>Nos m\u00e9tiers Grands Comptes<\/h2>\n                    <\/div>\n    <\/div>\n    \n        <div class=\"row scrollbar\">\n        \n                        <div class=\"col col_info my-2\">\n                <div class=\"card h-100 card-actu rounded infos_vertical\">\n                    <div class=\"card-img-top\" style=\"background-image: url('https:\/\/recette.descours-cabaud.com\/wp-content\/uploads\/2022\/05\/KAKEMONO-KV_OPSIAL-2.jpg')\"><\/div>\n                    <div class=\"card-body p-4\">\n                        <h3 style=\"text-align: center;\"><span style=\"color: #e40421;\"><strong>L&#8217;INDUSTRIE\u00a0<\/strong><\/span><\/h3>\n<p>Le secteur de l\u2019industrie est en pleine mutation, sous l\u2019influence de la digitalisation et des machines communicantes. Cette r\u00e9volution technologique bouleverse les sch\u00e9mas \u00e9tablis et ouvre de nouvelles opportunit\u00e9s vers un outil industriel plus interactif, plus productif, plus fiable et plus durable.<\/p>\n<p>Dans ce contexte d\u2019essor de l\u2019industrie 4.0, notre r\u00f4le est d\u2019accompagner nos clients dans leur transformation et dans l\u2019optimisation de leurs actifs.<\/p>\n<p>Ainsi, nous proposons aux professionnels de l\u2019industrie de tous secteurs une offre de produits et de services compl\u00e8te et pertinente, port\u00e9e par des \u00e9quipes d\u2019experts disponibles et \u00e0 l\u2019\u00e9coute et associ\u00e9e \u00e0 des solutions digitales adapt\u00e9es \u00e0 leurs besoins de productivit\u00e9 et d\u2019efficacit\u00e9.<\/p>\n                    <\/div>\n                <\/div>\n            <\/div>\n                    <div class=\"col col_info my-2\">\n                <div class=\"card h-100 card-actu rounded infos_vertical\">\n                    <div class=\"card-img-top\" style=\"background-image: url('https:\/\/recette.descours-cabaud.com\/wp-content\/uploads\/2022\/05\/XHANDERV2FR-1.jpg')\"><\/div>\n                    <div class=\"card-body p-4\">\n                        <h3 style=\"text-align: center;\"><span style=\"color: #e40421;\">LA CONSTRUCTION<\/span><\/h3>\n<p>Le secteur de la construction est en constante \u00e9volution : nouvelles normes techniques, juridiques et environnementales, mont\u00e9e en puissance des objets connect\u00e9s, acc\u00e9l\u00e9ration de la conception assist\u00e9e et de la mod\u00e9lisation des informations&#8230;<\/p>\n<p>Par ailleurs, la crise climatique actuelle met en exergue l\u2019importance de se tourner vers une construction\u202fplus durable, qui limite l\u2019impact environnemental des b\u00e2timents.<\/p>\n<p>Notre mission, en tant que partenaire des m\u00e9tiers de la construction, est pr\u00e9cis\u00e9ment de vous accompagner dans le choix de nouvelles solutions techniques au service de votre efficacit\u00e9 et de la performance de vos ouvrages.<\/p>\n                    <\/div>\n                <\/div>\n            <\/div>\n                \n        <\/div>\n    <\/div>\n<\/section>\n\n<div class=\"main_container\">\n\n\n<p><\/p>\n\n<div class=\"wp-block-columns is-layout-flex wp-container-core-columns-is-layout-9d6595d7 wp-block-columns-is-layout-flex\">\n<div class=\"wp-block-column is-layout-flow wp-block-column-is-layout-flow\" style=\"flex-basis:100%\">\n<div class=\"wp-block-buttons is-nowrap is-layout-flex wp-container-core-buttons-is-layout-ad2f72ca wp-block-buttons-is-layout-flex\"><\/div>\n<\/div>\n<\/div>\n<\/div>\n<section class=\"bg-dark  text-white\" >\n\n    <div class=\"main_container\">\n    \n                <div class=\"row\">\n            <div class=\"col\">\n                <h2>La s\u00e9curit\u00e9 et le confort, pierre angulaire de notre offre produits<\/h2>\n                <h3><\/h3>\n<p>&nbsp;<\/p>\n            <\/div>\n        <\/div>\n                \n        \n        <div class=\"row align-items-center\">\n        \n            <div class=\"col-auto position-relative order-3 \">            \n                <div class=\"avec_coin mb-1\">\n                    <img decoding=\"async\" src=\"https:\/\/recette.descours-cabaud.com\/wp-content\/uploads\/2022\/03\/Image3-1-1.png\" alt=\"\" class=\"rounded w-max-50 \">\n                                    \n                                                        <\/div>\n            <\/div>\n            \n            <div class=\"col-lg order-2 px-lg-5 py-3\">\n                <div class=\"col_txt\"><h3><span style=\"color: #e40421;\">LES EPI<\/span><\/h3>\n<p>Les enjeux de s\u00e9curit\u00e9 sont au c\u0153ur de tous les m\u00e9tiers de l\u2019industrie et de la construction. Leader en France et acteur cl\u00e9 en Europe dans les <strong>Equipements de Protection Individuelle<\/strong>, le Groupe DESCOURS &amp; CABAUD accompagne ses clients Grands Comptes dans une approche globale de gestion du risque et de protection des hommes au travail.<\/p>\n<p>Notre offre d\u00e9di\u00e9e au confort et \u00e0 la s\u00e9curit\u00e9 s\u2019appuie sur l\u2019expertise de notre Direction du March\u00e9 des EPI (\u00c9quipements de Protection Individuelle), qui suit et analyse l\u2019\u00e9volution de vos m\u00e9tiers, celle de nos Business Product Managers, qui s\u00e9lectionnent les meilleurs produits, en \u00e9troite collaboration avec nos fabricants partenaires, et celle de notre Direction Grands Comptes EPI, en charge d\u2018\u00e9couter et de comprendre vos besoins.<\/p>\n<\/div>\n                \n                                \n            <\/div>\n            \n        <\/div>\n\n    <\/div>\n<\/section>\n\n<div class=\"main_container\">\n<\/div>\n<section class=\"bg-light\" >\n\n    <div class=\"main_container\">\n    \n                <div class=\"row\">\n            <div class=\"col\">\n                <h2>Nos services \u00e0 valeur ajout\u00e9e, <br>con\u00e7us sur mesure pour r\u00e9pondre \u00e0 vos besoins<\/h2>\n                            <\/div>\n        <\/div>\n                \n        \n        <div class=\"row align-items-center\">\n        \n            <div class=\"col-auto position-relative order-3 \">            \n                <div class=\"avec_coin mb-1\">\n                    <img decoding=\"async\" src=\"https:\/\/recette.descours-cabaud.com\/wp-content\/uploads\/2022\/03\/Image4-1.png\" alt=\"\" class=\"rounded w-max-50 \">\n                                    \n                                                        <\/div>\n            <\/div>\n            \n            <div class=\"col-lg order-2 px-lg-5 py-3\">\n                <div class=\"col_txt\"><p style=\"text-align: center;\"><img loading=\"lazy\" decoding=\"async\" class=\"wp-image-5536 aligncenter\" src=\"https:\/\/recette.descours-cabaud.com\/wp-content\/uploads\/2022\/03\/Logo-Track-Up-1-300x148.png\" alt=\"\" width=\"219\" height=\"108\" srcset=\"https:\/\/recette.descours-cabaud.com\/wp-content\/uploads\/2022\/03\/Logo-Track-Up-1-300x148.png 300w, https:\/\/recette.descours-cabaud.com\/wp-content\/uploads\/2022\/03\/Logo-Track-Up-1.png 600w\" sizes=\"auto, (max-width: 219px) 100vw, 219px\" \/><\/p>\n<p>TrackUp\u00a0est une plateforme\u00a0<span style=\"font-style: inherit;\" data-ogsc=\"rgb(31, 73, 125)\">d\u00e9di\u00e9e<\/span><span style=\"font-style: inherit;\" data-ogsc=\"black\">\u00a0aux\u00a0<\/span><span style=\"font-style: inherit;\" data-ogsc=\"rgb(31, 73, 125)\">clients<\/span><span style=\"font-style: inherit;\" data-ogsc=\"black\">\u00a0Grands Comptes\u00a0permettant<\/span><span style=\"font-style: inherit;\" data-ogsc=\"rgb(31, 73, 125)\">,<\/span><span style=\"font-style: inherit;\" data-ogsc=\"black\">\u00a0de qualifier et quantifier avec pr\u00e9cision les \u00e9conomies directes et indirectes que nos \u00e9quipes commerciales\u00a0<\/span><span style=\"font-style: inherit;\" data-ogsc=\"rgb(31, 73, 125)\">leur<\/span><span style=\"font-style: inherit;\" data-ogsc=\"black\">\u00a0proposent.<\/span><\/p>\n<p data-ogsb=\"white\"><span style=\"font-style: inherit;\" data-ogsc=\"black\">Parce qu\u2019il nous tient \u00e0 c\u0153ur de vous accompagner dans la r\u00e9duction de vos d\u00e9penses et l&#8217;optimisation de vos processus, nous \u00e9laborons \u00e0 vos c\u00f4t\u00e9s des plans de progr\u00e8s\u00a0touchant \u00e0\u00a0de nombreux\u00a0domaines\u00a0tels que\u00a0l\u2019offre produits\u00a0ou\u00a0la r\u00e9duction des temps d\u2019arr\u00eat de production.<\/span><\/p>\n<p data-ogsb=\"white\"><span style=\"font-style: inherit; font-weight: inherit;\" data-ogsc=\"black\">\u00a0<\/span><\/p>\n<p style=\"text-align: center;\"><a href=\"https:\/\/www.youtube.com\/watch?v=HTf1vwLGwmc\" target=\"_blank\" rel=\"noopener\"><span style=\"color: #e40421;\"><strong>Vid\u00e9o de pr\u00e9sentation <\/strong><\/span>\u00a0<\/a> \u00a0 \u00a0 \u00a0 \u00a0 \u00a0 \u00a0 \u00a0 <span style=\"color: #e40421;\">\u00a0 \u00a0 \u00a0 \u00a0 \u00a0\u00a0 \u00a0 \u00a0<strong>\u00a0<a style=\"color: #e40421;\" href=\"https:\/\/ecom.descours-cabaud.net\/Leaflet_TRACKUP.pdf\" target=\"_blank\" rel=\"noopener\">Plaquette de pr\u00e9sentation<\/a><\/strong><\/span><\/p>\n<\/div>\n                \n                                \n            <\/div>\n            \n        <\/div>\n\n    <\/div>\n<\/section>\n\n<div class=\"main_container\">\n<\/div>\n<section class=\"bg-white\" >\n\n    <div class=\"main_container\">\n    \n                <div class=\"row\">\n            <div class=\"col\">\n                <h2>DC Clic, la solution e-commerce <\/h2>\n                            <\/div>\n        <\/div>\n                \n        \n        <div class=\"row align-items-center\">\n        \n            <div class=\"col-auto position-relative order-3 \">            \n                <div class=\"avec_coin mb-1\">\n                    <img decoding=\"async\" src=\"https:\/\/recette.descours-cabaud.com\/wp-content\/uploads\/2022\/03\/5.png\" alt=\"\" class=\"rounded w-max-50 \">\n                                    \n                                                        <\/div>\n            <\/div>\n            \n            <div class=\"col-lg order-2 px-lg-5 py-3\">\n                <div class=\"col_txt\"><p><a href=\"https:\/\/www.dc-clic.com\/customer\/user\/login\" target=\"_blank\" rel=\"noopener\"><img loading=\"lazy\" decoding=\"async\" class=\" wp-image-4641 aligncenter\" src=\"https:\/\/recette.descours-cabaud.com\/wp-content\/uploads\/2022\/03\/thumbnail-300x205.jpg\" alt=\"\" width=\"212\" height=\"145\" srcset=\"https:\/\/recette.descours-cabaud.com\/wp-content\/uploads\/2022\/03\/thumbnail-300x205.jpg 300w, https:\/\/recette.descours-cabaud.com\/wp-content\/uploads\/2022\/03\/thumbnail.jpg 663w\" sizes=\"auto, (max-width: 212px) 100vw, 212px\" \/><\/a><\/p>\n<div>\n<p class=\"x_xmsonormal\" data-ogsb=\"white\">DC Clic est la solution e-commerce cr\u00e9\u00e9e sur-mesure pour les Grands Comptes. Elle s\u2019adapte \u00e0 votre organisation\u00a0et\u00a0vous\u00a0permet\u00a0de consulter votre offre produits personnalis\u00e9e et\u00a0de\u00a0passer vos commandes en toute autonomie (commande directe sur le site ou par\u00a0un syst\u00e8me de\u00a0PunchOut\u00a0li\u00e9 \u00e0\u00a0votre ERP)<\/p>\n<\/div>\n<p class=\"x_xmsonormal\" data-ogsb=\"white\">Gr\u00e2ce aux nouvelles fonctionnalit\u00e9s du site, vous avez une vue d\u2019ensemble et en temps r\u00e9el de vos commandes et des stocks.<\/p>\n<p style=\"text-align: center;\"><strong><span style=\"color: #e40421;\"><a href=\"https:\/\/www.youtube.com\/watch?v=biHEH1IxhMc\" target=\"_blank\" rel=\"noopener\">Vid\u00e9o de pr\u00e9sentation<\/a> \u00a0 \u00a0<\/span> \u00a0<\/strong> \u00a0 \u00a0 \u00a0 \u00a0 \u00a0 \u00a0 \u00a0 \u00a0 \u00a0 <strong><span style=\"color: #e40421;\"><a style=\"color: #e40421;\" href=\"https:\/\/ecom.descours-cabaud.net\/DC-Click-2022.pdf\" target=\"_blank\" rel=\"noopener\">Plaquette de pr\u00e9sentation<\/a><\/span><\/strong><\/p>\n<\/div>\n                \n                                \n            <\/div>\n            \n        <\/div>\n\n    <\/div>\n<\/section>\n\n<div class=\"main_container\">\n\n<p><\/p>\n","protected":false},"excerpt":{"rendered":"<p>&lt; Volver al inicio<\/p>\n","protected":false},"author":4,"featured_media":64,"parent":0,"menu_order":0,"comment_status":"closed","ping_status":"closed","template":"","meta":{"_acf_changed":false,"footnotes":""},"class_list":["post-6093","page","type-page","status-publish","has-post-thumbnail","hentry"],"acf":[],"yoast_head":"<!-- This site is optimized with the Yoast SEO plugin v27.0 - https:\/\/yoast.com\/product\/yoast-seo-wordpress\/ -->\n<title>Nuestro enfoque de las cuentas clave - Descours &amp; Cabaud<\/title>\n<meta name=\"description\" content=\".\" \/>\n<meta name=\"robots\" content=\"index, follow, max-snippet:-1, max-image-preview:large, max-video-preview:-1\" \/>\n<link rel=\"canonical\" href=\"https:\/\/recette.descours-cabaud.com\/es\/nuestro-enfoque-de-las-cuentas-clave\/\" \/>\n<meta property=\"og:locale\" content=\"es_ES\" \/>\n<meta property=\"og:type\" content=\"article\" \/>\n<meta property=\"og:title\" content=\"Nuestro enfoque de las cuentas clave - Descours &amp; Cabaud\" \/>\n<meta property=\"og:description\" content=\".\" \/>\n<meta property=\"og:url\" content=\"https:\/\/recette.descours-cabaud.com\/es\/nuestro-enfoque-de-las-cuentas-clave\/\" \/>\n<meta property=\"og:site_name\" content=\"Descours &amp; Cabaud\" \/>\n<meta property=\"article:modified_time\" content=\"2024-12-11T13:05:13+00:00\" \/>\n<meta property=\"og:image\" content=\"https:\/\/recette.descours-cabaud.com\/wp-content\/uploads\/2022\/01\/7_rouge.jpg\" \/>\n\t<meta property=\"og:image:width\" content=\"1920\" \/>\n\t<meta property=\"og:image:height\" content=\"673\" \/>\n\t<meta property=\"og:image:type\" content=\"image\/jpeg\" \/>\n<meta name=\"twitter:card\" content=\"summary_large_image\" \/>\n<script type=\"application\/ld+json\" class=\"yoast-schema-graph\">{\"@context\":\"https:\/\/schema.org\",\"@graph\":[{\"@type\":\"WebPage\",\"@id\":\"https:\/\/recette.descours-cabaud.com\/es\/nuestro-enfoque-de-las-cuentas-clave\/\",\"url\":\"https:\/\/recette.descours-cabaud.com\/es\/nuestro-enfoque-de-las-cuentas-clave\/\",\"name\":\"Nuestro enfoque de las cuentas clave - Descours &amp; Cabaud\",\"isPartOf\":{\"@id\":\"https:\/\/recette.descours-cabaud.com\/es\/#website\"},\"primaryImageOfPage\":{\"@id\":\"https:\/\/recette.descours-cabaud.com\/es\/nuestro-enfoque-de-las-cuentas-clave\/#primaryimage\"},\"image\":{\"@id\":\"https:\/\/recette.descours-cabaud.com\/es\/nuestro-enfoque-de-las-cuentas-clave\/#primaryimage\"},\"thumbnailUrl\":\"https:\/\/recette.descours-cabaud.com\/wp-content\/uploads\/2022\/01\/7_rouge.jpg\",\"datePublished\":\"2022-04-04T14:56:50+00:00\",\"dateModified\":\"2024-12-11T13:05:13+00:00\",\"description\":\".\",\"breadcrumb\":{\"@id\":\"https:\/\/recette.descours-cabaud.com\/es\/nuestro-enfoque-de-las-cuentas-clave\/#breadcrumb\"},\"inLanguage\":\"es\",\"potentialAction\":[{\"@type\":\"ReadAction\",\"target\":[\"https:\/\/recette.descours-cabaud.com\/es\/nuestro-enfoque-de-las-cuentas-clave\/\"]}]},{\"@type\":\"ImageObject\",\"inLanguage\":\"es\",\"@id\":\"https:\/\/recette.descours-cabaud.com\/es\/nuestro-enfoque-de-las-cuentas-clave\/#primaryimage\",\"url\":\"https:\/\/recette.descours-cabaud.com\/wp-content\/uploads\/2022\/01\/7_rouge.jpg\",\"contentUrl\":\"https:\/\/recette.descours-cabaud.com\/wp-content\/uploads\/2022\/01\/7_rouge.jpg\",\"width\":1920,\"height\":673},{\"@type\":\"BreadcrumbList\",\"@id\":\"https:\/\/recette.descours-cabaud.com\/es\/nuestro-enfoque-de-las-cuentas-clave\/#breadcrumb\",\"itemListElement\":[{\"@type\":\"ListItem\",\"position\":1,\"name\":\"Accueil\",\"item\":\"https:\/\/recette.descours-cabaud.com\/es\/\"},{\"@type\":\"ListItem\",\"position\":2,\"name\":\"Nuestro enfoque de las cuentas clave\"}]},{\"@type\":\"WebSite\",\"@id\":\"https:\/\/recette.descours-cabaud.com\/es\/#website\",\"url\":\"https:\/\/recette.descours-cabaud.com\/es\/\",\"name\":\"Descours &amp; Cabaud\",\"description\":\"\",\"potentialAction\":[{\"@type\":\"SearchAction\",\"target\":{\"@type\":\"EntryPoint\",\"urlTemplate\":\"https:\/\/recette.descours-cabaud.com\/es\/?s={search_term_string}\"},\"query-input\":{\"@type\":\"PropertyValueSpecification\",\"valueRequired\":true,\"valueName\":\"search_term_string\"}}],\"inLanguage\":\"es\"}]}<\/script>\n<!-- \/ Yoast SEO plugin. -->","yoast_head_json":{"title":"Nuestro enfoque de las cuentas clave - Descours &amp; Cabaud","description":".","robots":{"index":"index","follow":"follow","max-snippet":"max-snippet:-1","max-image-preview":"max-image-preview:large","max-video-preview":"max-video-preview:-1"},"canonical":"https:\/\/recette.descours-cabaud.com\/es\/nuestro-enfoque-de-las-cuentas-clave\/","og_locale":"es_ES","og_type":"article","og_title":"Nuestro enfoque de las cuentas clave - Descours &amp; Cabaud","og_description":".","og_url":"https:\/\/recette.descours-cabaud.com\/es\/nuestro-enfoque-de-las-cuentas-clave\/","og_site_name":"Descours &amp; Cabaud","article_modified_time":"2024-12-11T13:05:13+00:00","og_image":[{"width":1920,"height":673,"url":"https:\/\/recette.descours-cabaud.com\/wp-content\/uploads\/2022\/01\/7_rouge.jpg","type":"image\/jpeg"}],"twitter_card":"summary_large_image","schema":{"@context":"https:\/\/schema.org","@graph":[{"@type":"WebPage","@id":"https:\/\/recette.descours-cabaud.com\/es\/nuestro-enfoque-de-las-cuentas-clave\/","url":"https:\/\/recette.descours-cabaud.com\/es\/nuestro-enfoque-de-las-cuentas-clave\/","name":"Nuestro enfoque de las cuentas clave - Descours &amp; Cabaud","isPartOf":{"@id":"https:\/\/recette.descours-cabaud.com\/es\/#website"},"primaryImageOfPage":{"@id":"https:\/\/recette.descours-cabaud.com\/es\/nuestro-enfoque-de-las-cuentas-clave\/#primaryimage"},"image":{"@id":"https:\/\/recette.descours-cabaud.com\/es\/nuestro-enfoque-de-las-cuentas-clave\/#primaryimage"},"thumbnailUrl":"https:\/\/recette.descours-cabaud.com\/wp-content\/uploads\/2022\/01\/7_rouge.jpg","datePublished":"2022-04-04T14:56:50+00:00","dateModified":"2024-12-11T13:05:13+00:00","description":".","breadcrumb":{"@id":"https:\/\/recette.descours-cabaud.com\/es\/nuestro-enfoque-de-las-cuentas-clave\/#breadcrumb"},"inLanguage":"es","potentialAction":[{"@type":"ReadAction","target":["https:\/\/recette.descours-cabaud.com\/es\/nuestro-enfoque-de-las-cuentas-clave\/"]}]},{"@type":"ImageObject","inLanguage":"es","@id":"https:\/\/recette.descours-cabaud.com\/es\/nuestro-enfoque-de-las-cuentas-clave\/#primaryimage","url":"https:\/\/recette.descours-cabaud.com\/wp-content\/uploads\/2022\/01\/7_rouge.jpg","contentUrl":"https:\/\/recette.descours-cabaud.com\/wp-content\/uploads\/2022\/01\/7_rouge.jpg","width":1920,"height":673},{"@type":"BreadcrumbList","@id":"https:\/\/recette.descours-cabaud.com\/es\/nuestro-enfoque-de-las-cuentas-clave\/#breadcrumb","itemListElement":[{"@type":"ListItem","position":1,"name":"Accueil","item":"https:\/\/recette.descours-cabaud.com\/es\/"},{"@type":"ListItem","position":2,"name":"Nuestro enfoque de las cuentas clave"}]},{"@type":"WebSite","@id":"https:\/\/recette.descours-cabaud.com\/es\/#website","url":"https:\/\/recette.descours-cabaud.com\/es\/","name":"Descours &amp; Cabaud","description":"","potentialAction":[{"@type":"SearchAction","target":{"@type":"EntryPoint","urlTemplate":"https:\/\/recette.descours-cabaud.com\/es\/?s={search_term_string}"},"query-input":{"@type":"PropertyValueSpecification","valueRequired":true,"valueName":"search_term_string"}}],"inLanguage":"es"}]}},"_links":{"self":[{"href":"https:\/\/recette.descours-cabaud.com\/es\/wp-json\/wp\/v2\/pages\/6093","targetHints":{"allow":["GET"]}}],"collection":[{"href":"https:\/\/recette.descours-cabaud.com\/es\/wp-json\/wp\/v2\/pages"}],"about":[{"href":"https:\/\/recette.descours-cabaud.com\/es\/wp-json\/wp\/v2\/types\/page"}],"author":[{"embeddable":true,"href":"https:\/\/recette.descours-cabaud.com\/es\/wp-json\/wp\/v2\/users\/4"}],"replies":[{"embeddable":true,"href":"https:\/\/recette.descours-cabaud.com\/es\/wp-json\/wp\/v2\/comments?post=6093"}],"version-history":[{"count":7,"href":"https:\/\/recette.descours-cabaud.com\/es\/wp-json\/wp\/v2\/pages\/6093\/revisions"}],"predecessor-version":[{"id":8846,"href":"https:\/\/recette.descours-cabaud.com\/es\/wp-json\/wp\/v2\/pages\/6093\/revisions\/8846"}],"wp:featuredmedia":[{"embeddable":true,"href":"https:\/\/recette.descours-cabaud.com\/es\/wp-json\/wp\/v2\/media\/64"}],"wp:attachment":[{"href":"https:\/\/recette.descours-cabaud.com\/es\/wp-json\/wp\/v2\/media?parent=6093"}],"curies":[{"name":"wp","href":"https:\/\/api.w.org\/{rel}","templated":true}]}}