{"id":6107,"date":"2022-04-05T09:46:54","date_gmt":"2022-04-05T07:46:54","guid":{"rendered":"https:\/\/recette.descours-cabaud.com\/politica-de-cookies\/"},"modified":"2022-04-05T09:47:01","modified_gmt":"2022-04-05T07:47:01","slug":"politica-de-cookies","status":"publish","type":"page","link":"https:\/\/recette.descours-cabaud.com\/es\/politica-de-cookies\/","title":{"rendered":"Pol\u00edtica de cookies"},"content":{"rendered":"\n<p><\/p>\n\n<h3 class=\"wp-block-heading\"><\/h3>\n\n<h3 class=\"wp-block-heading\" id=\"nous-avons-a-coeur-de-proteger-vos-donnees\">Nos comprometemos a proteger sus datos<\/h3>\n\n<p>Establecemos cookies para :<\/p>\n\n<ul class=\"wp-block-list\"><li>para garantizar una experiencia de navegaci\u00f3n segura<\/li><li>ofrecerle contenidos personalizados seg\u00fan sus intereses<\/li><li>recoger estad\u00edsticas para desarrollar el sitio<\/li><\/ul>\n<p>Puede cambiar de opini\u00f3n en cualquier momento configurando sus cookies.<\/p>\n\n<p>Las cookies son peque\u00f1os archivos de texto que pueden ser utilizados por los sitios web para hacer m\u00e1s eficiente la experiencia del usuario.<\/p>\n\n<p>La ley establece que s\u00f3lo podemos almacenar cookies en su dispositivo si son estrictamente necesarias para el funcionamiento de este sitio. Para todos los dem\u00e1s tipos de cookies, necesitamos su permiso.<\/p>\n\n<p>Este sitio utiliza diferentes tipos de cookies. Algunas cookies son colocadas por servicios de terceros que aparecen en nuestras p\u00e1ginas.<\/p>\n\n<p>Puede cambiar o retirar su consentimiento en cualquier momento desde la Declaraci\u00f3n de Cookies en nuestro sitio web.<\/p>\n\n<p>Para saber m\u00e1s sobre qui\u00e9nes somos, c\u00f3mo puede ponerse en contacto con nosotros y c\u00f3mo tratamos los datos personales, consulte nuestra p\u00e1gina de Contacto.<\/p>\n\n<p>Su consentimiento se aplica a las siguientes \u00e1reas: recette.descours-cabaud.com<\/p>\n\n<h3 class=\"wp-block-heading\" id=\"declaration-relative-aux-cookies-mise-a-jour-le-28-01-2022-par-cookiebot\">Declaraci\u00f3n de cookies actualizada el 28\/01\/2022 por Cookiebot:<\/h3>\n\n<p class=\"has-medium-font-size\"><strong>Necesario (18)<\/strong><\/p>\n\n<p>Las cookies necesarias ayudan a que un sitio web sea utilizable al permitir funciones b\u00e1sicas como la navegaci\u00f3n por las p\u00e1ginas y el acceso a \u00e1reas seguras del sitio web. El sitio web no puede funcionar correctamente sin estas cookies.<\/p>\n\n<figure class=\"wp-block-table is-style-stripes\"><table><thead><tr><th>Nombre<\/th><th>Proveedor<\/th><th>Prop\u00f3sito<\/th><th>Caducidad<\/th><th><strong>Tipo<\/strong><\/th><\/tr><\/thead><tbody><tr><td><\/td><td><\/td><td><\/td><td><\/td><td><\/td><\/tr><tr><td>_hjFirstSeen<\/td><td><a href=\"https:\/\/www.hotjar.com\/legal\/policies\/privacy\" target=\"_blank\" rel=\"noreferrer noopener\">Hotjar<\/a><\/td><td>Esta cookie se utiliza para determinar si el visitante ha visitado el sitio antes o es un nuevo visitante del sitio.<\/td><td>1 d\u00eda<\/td><td>HTTP Cookie<\/td><\/tr><tr><td>cf_ob_info<\/td><td>recette.descours-cabaud.com<\/td><td>Se utiliza para detectar si el sitio web es inaccesible, en caso de mantenimiento de las actualizaciones de contenido. La cookie permite al sitio web presentar al visitante un aviso sobre el problema.<\/td><td>1 d\u00eda<\/td><td>HTTP Cookie<\/td><\/tr><tr><td>cf_use_ob<\/td><td>recette.descours-cabaud.com<\/td><td>Se utiliza para detectar si el sitio web es inaccesible, en caso de mantenimiento de las actualizaciones de contenido. La cookie permite al sitio web presentar al visitante un aviso sobre el problema.<\/td><td>1 d\u00eda<\/td><td>HTTP Cookie<\/td><\/tr><tr><td>CONSENTIMIENTO<\/td><td><a href=\"https:\/\/policies.google.com\/privacy\" target=\"_blank\" rel=\"noreferrer noopener\">YouTube<\/a><\/td><td>Se utiliza para detectar si el visitante ha aceptado la categor\u00eda de marketing en el banner de cookies. Esta cookie es necesaria para que el sitio web cumpla con el GDPR.<\/td><td>2 a\u00f1os<\/td><td>HTTP Cookie<\/td><\/tr><tr><td>CookieConsent<\/td><td><a href=\"https:\/\/www.cookiebot.com\/goto\/privacy-policy\/\" target=\"_blank\" rel=\"noreferrer noopener\">Cookiebot<\/a><\/td><td>Almacena el permiso del usuario para utilizar cookies para el dominio actual<\/td><td>1 a\u00f1o<\/td><td>HTTP Cookie<\/td><\/tr><tr><td>form_key<\/td><td>recette.descours-cabaud.com<\/td><td>Garantiza la seguridad de la experiencia de navegaci\u00f3n del visitante al impedir la falsificaci\u00f3n de solicitudes entre sitios. Esta cookie es esencial para la seguridad del sitio web y del visitante.<\/td><td>1 d\u00eda<\/td><td>HTTP Cookie<\/td><\/tr><tr><td>JSESSIONID<\/td><td>New Relic<\/td><td>Conserva la configuraci\u00f3n de los ajustes del usuario a trav\u00e9s de las peticiones de la p\u00e1gina.<\/td><td>Sesi\u00f3n<\/td><td>HTTP Cookie<\/td><\/tr><tr><td>mage-cache-sessid<\/td><td>recette.descours-cabaud.com<\/td><td>Esta cookie se utiliza en el contexto del equilibrio de carga. Optimiza la velocidad de respuesta entre el usuario y el sitio web repartiendo la carga de tr\u00e1fico entre varios enlaces de red o servidores.<\/td><td>1 d\u00eda<\/td><td>HTTP Cookie<\/td><\/tr><tr><td>mage-cache-storage<\/td><td>recette.descours-cabaud.com<\/td><td>Esta cookie se utiliza en el contexto del equilibrio de carga. Optimiza la velocidad de respuesta entre el usuario y el sitio web repartiendo la carga de tr\u00e1fico entre varios enlaces de red o servidores.<\/td><td>1 d\u00eda<\/td><td>HTML Local Storage<\/td><\/tr><tr><td>mage-cache-storage-section-invalidation<\/td><td>recette.descours-cabaud.com<\/td><td>Esta cookie se utiliza en el contexto del equilibrio de carga. Optimiza la velocidad de respuesta entre el usuario y el sitio web repartiendo la carga de tr\u00e1fico entre varios enlaces de red o servidores.<\/td><td>1 d\u00eda<\/td><td>HTML Local Storage<\/td><\/tr><tr><td>mage-cache-timeout<\/td><td>recette.descours-cabaud.com<\/td><td>Esta cookie es necesaria para la funci\u00f3n de cach\u00e9. El sitio web utiliza una cach\u00e9 para optimizar el tiempo de respuesta entre el usuario y el sitio web. La cach\u00e9 suele almacenarse en el navegador del usuario.<\/td><td>Persistent<\/td><td>HTML Local Storage<\/td><\/tr><tr><td>mage-messages<\/td><td>recette.descours-cabaud.com<\/td><td>Necesario para el funcionamiento del cuadro de di\u00e1logo del sitio web.<\/td><td>1 d\u00eda<\/td><td>HTTP Cookie<\/td><\/tr><tr><td>mage-translation-file-version<\/td><td>recette.descours-cabaud.com<\/td><td>Se utiliza en el contexto de la configuraci\u00f3n del idioma en el sitio web. Facilita la traducci\u00f3n al idioma preferido del visitante.<\/td><td>Persistent<\/td><td>HTML Local Storage<\/td><\/tr><tr><td>mage-translation-storage<\/td><td>recette.descours-cabaud.com<\/td><td>Se utiliza en el contexto de la configuraci\u00f3n del idioma en el sitio web. Facilita la traducci\u00f3n al idioma preferido del visitante.<\/td><td>Persistent<\/td><td>HTML Local Storage<\/td><\/tr><tr><td>PHPSESSID<\/td><td>recette.descours-cabaud.com<\/td><td>Conserva la configuraci\u00f3n de los ajustes del usuario a trav\u00e9s de las peticiones de la p\u00e1gina.<\/td><td>1 d\u00eda<\/td><td>HTML Local Storage<\/td><\/tr><tr><td>rc::a<\/td><td>Google<\/td><td>Esta cookie se utiliza para distinguir a los humanos de los robots. Esto es beneficioso para el sitio web para crear informes v\u00e1lidos sobre el uso de su sitio.<\/td><td>Persistent<\/td><td>HTTP Cookie<\/td><\/tr><tr><td>rc::b<\/td><td>Google<\/td><td>Esta cookie se utiliza para distinguir a los humanos de los robots.<\/td><td>Sesi\u00f3n<\/td><td>HTML Local Storage<\/td><\/tr><tr><td>rc::c<\/td><td>Google<\/td><td>Esta cookie se utiliza para distinguir a los humanos de los robots.<\/td><td>Sesi\u00f3n<\/td><td>HTML Local Storage<\/td><\/tr><tr><td><\/td><td><\/td><td><\/td><td><\/td><td><\/td><\/tr><\/tbody><\/table><\/figure>\n<p class=\"has-medium-font-size\"><strong>Estad\u00edsticas (9)<\/strong><\/p>\n\n<p>Las cookies estad\u00edsticas ayudan a los propietarios de los sitios web, mediante la recopilaci\u00f3n y comunicaci\u00f3n de informaci\u00f3n de forma an\u00f3nima, a entender c\u00f3mo interact\u00faan los visitantes con los sitios web.<\/p>\n\n<figure class=\"wp-block-table is-style-stripes\"><table><thead><tr><th>Nombre<\/th><th>Proveedor<\/th><th>Prop\u00f3sito<\/th><th>Caducidad<\/th><th><strong>Tipo<\/strong><\/th><\/tr><\/thead><tbody><tr><td>_ga<\/td><td><a href=\"https:\/\/policies.google.com\/privacy\" target=\"_blank\" rel=\"noreferrer noopener\">Google<\/a><\/td><td>Almacena un identificador \u00fanico utilizado para generar datos estad\u00edsticos sobre el uso del sitio por parte del visitante.<\/td><td>2 a\u00f1os<\/td><td>HTTP Cookie<\/td><\/tr><tr><td>_ga_#<\/td><td><a href=\"https:\/\/policies.google.com\/privacy\" target=\"_blank\" rel=\"noreferrer noopener\">Google<\/a><\/td><td>Utilizada por Google Analytics para recoger datos sobre el n\u00famero de veces que un usuario ha visitado el sitio web y las fechas de la primera y la \u00faltima visita.<\/td><td>2 a\u00f1os<\/td><td>HTTP Cookie<\/td><\/tr><tr><td>_gat<\/td><td>recette.descours-cabaud.com<\/td><td>Utilizado por Google Analytics para reducir dr\u00e1sticamente la tasa de consultas.<\/td><td>1 d\u00eda<\/td><td>HTTP Cookie<\/td><\/tr><tr><td>_gid<\/td><td>recette.descours-cabaud.com<\/td><td>Almacena un identificador \u00fanico utilizado para generar datos estad\u00edsticos sobre el uso del sitio por parte del visitante.<\/td><td>1 d\u00eda<\/td><td>HTTP Cookie<\/td><\/tr><tr><td>_hjAbsoluteSessionInProgress<\/td><td>Hotjar<\/td><td>Esta cookie se utiliza para contar el n\u00famero de veces que un sitio ha sido visitado por diferentes visitantes. Para ello, se asigna a cada visitante un identificador aleatorio. De este modo, el visitante no tiene que registrarse dos veces.<\/td><td>1 d\u00eda<\/td><td>HTTP Cookie<\/td><\/tr><tr><td>_hjIncludedInPageviewSample<\/td><td>Hotjar<\/td><td>Determina si la navegaci\u00f3n del usuario debe ser registrada en un determinado espacio reservado para las estad\u00edsticas.<\/td><td>1 d\u00eda<\/td><td>HTTP Cookie<\/td><\/tr><tr><td>_hjSession_#<\/td><td>Hotjar<\/td><td>Recoge estad\u00edsticas sobre las visitas de los usuarios al sitio web, como el n\u00famero de visitas, el tiempo medio de permanencia en el sitio y las p\u00e1ginas visitadas.<\/td><td>1 d\u00eda<\/td><td>HTTP Cookie<\/td><\/tr><tr><td>_hjSessionUser_#<\/td><td>Hotjar<\/td><td>Recoge estad\u00edsticas sobre las visitas de los usuarios al sitio web, como el n\u00famero de visitas, el tiempo medio de permanencia en el sitio y las p\u00e1ginas visitadas.<\/td><td>1 a\u00f1o<\/td><td>HTTP Cookie<\/td><\/tr><tr><td>_hjTLDTest<\/td><td>Hotjar<\/td><td>Detecta el SEO del sitio web actual. Este servicio forma parte de un servicio de estad\u00edsticas y an\u00e1lisis de terceros.<\/td><td>Sesi\u00f3n<\/td><td>HTTP Cookie<\/td><\/tr><tr><td><\/td><td><\/td><td><\/td><td><\/td><td><\/td><\/tr><\/tbody><\/table><\/figure>\n<p class=\"has-medium-font-size\">Marketing (10)<\/p>\n\n<p>Las cookies de marketing se utilizan para hacer un seguimiento de los visitantes en los sitios web. El objetivo es mostrar anuncios que sean relevantes e interesantes para el usuario individual y, por tanto, m\u00e1s valiosos para los editores y anunciantes de terceros.<\/p>\n\n<figure class=\"wp-block-table is-style-stripes\"><table><thead><tr><th>Nombre<\/th><th>Proveedor<\/th><th>Prop\u00f3sito<\/th><th>Caducidad<\/th><th><strong>Tipo<\/strong><\/th><\/tr><\/thead><tbody><tr><td>_GRECAPTCHA<\/td><td><a href=\"https:\/\/policies.google.com\/privacy\" target=\"_blank\" rel=\"noreferrer noopener\">Google<\/a><\/td><td>Esta cookie se utiliza para distinguir a los humanos de los robots. Esto es beneficioso para el sitio web para crear informes v\u00e1lidos sobre el uso de su sitio.<\/td><td>179 jours<\/td><td>HTTP Cookie<\/td><\/tr><tr><td>VISITOR_INFO1_LIVE<\/td><td><a href=\"https:\/\/policies.google.com\/privacy\" target=\"_blank\" rel=\"noreferrer noopener\">YouTube<\/a><\/td><td>Intentos de estimar el ancho de banda del usuario en p\u00e1ginas con v\u00eddeos de YouTube incrustados.<\/td><td>179 jours<\/td><td>HTTP Cookie<\/td><\/tr><tr><td>YSC<\/td><td><a href=\"https:\/\/policies.google.com\/privacy\" target=\"_blank\" rel=\"noreferrer noopener\">YouTube<\/a><\/td><td>Almacena un identificador \u00fanico para mantener las estad\u00edsticas de los v\u00eddeos de YouTube vistos por el usuario.<\/td><td>Sesi\u00f3n<\/td><td>HTTP Cookie<\/td><\/tr><tr><td>yt-remote-cast-available<\/td><td><a href=\"https:\/\/policies.google.com\/privacy\" target=\"_blank\" rel=\"noreferrer noopener\">YouTube<\/a><\/td><td>Almacena las preferencias de reproducci\u00f3n de v\u00eddeo del usuario para los v\u00eddeos incrustados de YouTube<\/td><td>Sesi\u00f3n<\/td><td>HTML Local Storage<\/td><\/tr><tr><td>yt-remote-cast-installed<\/td><td><a href=\"https:\/\/policies.google.com\/privacy\" target=\"_blank\" rel=\"noreferrer noopener\">YouTube<\/a><\/td><td>Almacena las preferencias de reproducci\u00f3n de v\u00eddeo del usuario para los v\u00eddeos incrustados de YouTube<\/td><td>Sesi\u00f3n<\/td><td>HTML Local Storage<\/td><\/tr><tr><td>yt-remote-connected-devices<\/td><td><a href=\"https:\/\/policies.google.com\/privacy\" target=\"_blank\" rel=\"noreferrer noopener\">YouTube<\/a><\/td><td>Almacena las preferencias de reproducci\u00f3n de v\u00eddeo del usuario para los v\u00eddeos incrustados de YouTube<\/td><td><\/td><td>HTML Local Storage<\/td><\/tr><tr><td>yt-remote-device-id<\/td><td><a href=\"https:\/\/policies.google.com\/privacy\" target=\"_blank\" rel=\"noreferrer noopener\">YouTube<\/a><\/td><td>Almacena las preferencias de reproducci\u00f3n de v\u00eddeo del usuario para los v\u00eddeos incrustados de YouTube<\/td><td><\/td><td>HTML Local Storage<\/td><\/tr><tr><td>yt-remote-fast-check-period<\/td><td><a href=\"https:\/\/policies.google.com\/privacy\" target=\"_blank\" rel=\"noreferrer noopener\">YouTube<\/a><\/td><td>Almacena las preferencias de reproducci\u00f3n de v\u00eddeo del usuario para los v\u00eddeos incrustados de YouTube<\/td><td>Sesi\u00f3n<\/td><td>HTML Local Storage<\/td><\/tr><tr><td>yt-remote-session-app<\/td><td><a href=\"https:\/\/policies.google.com\/privacy\" target=\"_blank\" rel=\"noreferrer noopener\">YouTube<\/a><\/td><td>Almacena las preferencias de reproducci\u00f3n de v\u00eddeo del usuario para los v\u00eddeos incrustados de YouTube<\/td><td>Sesi\u00f3n<\/td><td>HTML Local Storage<\/td><\/tr><tr><td>yt-remote-session-name<\/td><td><a href=\"https:\/\/policies.google.com\/privacy\" target=\"_blank\" rel=\"noreferrer noopener\">YouTube<\/a><\/td><td>Almacena las preferencias de reproducci\u00f3n de v\u00eddeo del usuario para los v\u00eddeos incrustados de YouTube<\/td><td>Sesi\u00f3n<\/td><td>HTML Local Storage<\/td><\/tr><tr><td><\/td><td><\/td><td><\/td><td><\/td><td><\/td><\/tr><\/tbody><\/table><\/figure>","protected":false},"excerpt":{"rendered":"<p>Nos comprometemos a proteger sus datos Establecemos cookies para : para garantizar una experiencia de navegaci\u00f3n segura ofrecerle contenidos personalizados seg\u00fan sus intereses recoger estad\u00edsticas para desarrollar el sitio Puede cambiar de opini\u00f3n en cualquier momento configurando sus cookies. Las cookies son peque\u00f1os archivos de texto que pueden ser utilizados por los sitios web para [&hellip;]<\/p>\n","protected":false},"author":5,"featured_media":3176,"parent":0,"menu_order":0,"comment_status":"closed","ping_status":"closed","template":"","meta":{"_acf_changed":false,"footnotes":""},"class_list":["post-6107","page","type-page","status-publish","has-post-thumbnail","hentry"],"acf":[],"yoast_head":"<!-- This site is optimized with the Yoast SEO plugin v27.0 - https:\/\/yoast.com\/product\/yoast-seo-wordpress\/ -->\n<title>Pol\u00edtica de cookies - Descours &amp; Cabaud<\/title>\n<meta name=\"robots\" content=\"index, follow, max-snippet:-1, max-image-preview:large, max-video-preview:-1\" \/>\n<link rel=\"canonical\" href=\"https:\/\/recette.descours-cabaud.com\/es\/politica-de-cookies\/\" \/>\n<meta property=\"og:locale\" content=\"es_ES\" \/>\n<meta property=\"og:type\" content=\"article\" \/>\n<meta property=\"og:title\" content=\"Pol\u00edtica de cookies - Descours &amp; Cabaud\" \/>\n<meta property=\"og:description\" content=\"Nos comprometemos a proteger sus datos Establecemos cookies para : para garantizar una experiencia de navegaci\u00f3n segura ofrecerle contenidos personalizados seg\u00fan sus intereses recoger estad\u00edsticas para desarrollar el sitio Puede cambiar de opini\u00f3n en cualquier momento configurando sus cookies. Las cookies son peque\u00f1os archivos de texto que pueden ser utilizados por los sitios web para [&hellip;]\" \/>\n<meta property=\"og:url\" content=\"https:\/\/recette.descours-cabaud.com\/es\/politica-de-cookies\/\" \/>\n<meta property=\"og:site_name\" content=\"Descours &amp; Cabaud\" \/>\n<meta property=\"article:modified_time\" content=\"2022-04-05T07:47:01+00:00\" \/>\n<meta property=\"og:image\" content=\"https:\/\/recette.descours-cabaud.com\/wp-content\/uploads\/2022\/02\/mentions_legales-3-scaled.jpg\" \/>\n\t<meta property=\"og:image:width\" content=\"2560\" \/>\n\t<meta property=\"og:image:height\" content=\"1201\" \/>\n\t<meta property=\"og:image:type\" content=\"image\/jpeg\" \/>\n<meta name=\"twitter:card\" content=\"summary_large_image\" \/>\n<meta name=\"twitter:label1\" content=\"Tiempo de lectura\" \/>\n\t<meta name=\"twitter:data1\" content=\"7 minutos\" \/>\n<script type=\"application\/ld+json\" class=\"yoast-schema-graph\">{\"@context\":\"https:\/\/schema.org\",\"@graph\":[{\"@type\":\"WebPage\",\"@id\":\"https:\/\/recette.descours-cabaud.com\/es\/politica-de-cookies\/\",\"url\":\"https:\/\/recette.descours-cabaud.com\/es\/politica-de-cookies\/\",\"name\":\"Pol\u00edtica de cookies - Descours &amp; Cabaud\",\"isPartOf\":{\"@id\":\"https:\/\/recette.descours-cabaud.com\/es\/#website\"},\"primaryImageOfPage\":{\"@id\":\"https:\/\/recette.descours-cabaud.com\/es\/politica-de-cookies\/#primaryimage\"},\"image\":{\"@id\":\"https:\/\/recette.descours-cabaud.com\/es\/politica-de-cookies\/#primaryimage\"},\"thumbnailUrl\":\"https:\/\/recette.descours-cabaud.com\/wp-content\/uploads\/2022\/02\/mentions_legales-3-scaled.jpg\",\"datePublished\":\"2022-04-05T07:46:54+00:00\",\"dateModified\":\"2022-04-05T07:47:01+00:00\",\"breadcrumb\":{\"@id\":\"https:\/\/recette.descours-cabaud.com\/es\/politica-de-cookies\/#breadcrumb\"},\"inLanguage\":\"es\",\"potentialAction\":[{\"@type\":\"ReadAction\",\"target\":[\"https:\/\/recette.descours-cabaud.com\/es\/politica-de-cookies\/\"]}]},{\"@type\":\"ImageObject\",\"inLanguage\":\"es\",\"@id\":\"https:\/\/recette.descours-cabaud.com\/es\/politica-de-cookies\/#primaryimage\",\"url\":\"https:\/\/recette.descours-cabaud.com\/wp-content\/uploads\/2022\/02\/mentions_legales-3-scaled.jpg\",\"contentUrl\":\"https:\/\/recette.descours-cabaud.com\/wp-content\/uploads\/2022\/02\/mentions_legales-3-scaled.jpg\",\"width\":2560,\"height\":1201},{\"@type\":\"BreadcrumbList\",\"@id\":\"https:\/\/recette.descours-cabaud.com\/es\/politica-de-cookies\/#breadcrumb\",\"itemListElement\":[{\"@type\":\"ListItem\",\"position\":1,\"name\":\"Accueil\",\"item\":\"https:\/\/recette.descours-cabaud.com\/es\/\"},{\"@type\":\"ListItem\",\"position\":2,\"name\":\"Pol\u00edtica de cookies\"}]},{\"@type\":\"WebSite\",\"@id\":\"https:\/\/recette.descours-cabaud.com\/es\/#website\",\"url\":\"https:\/\/recette.descours-cabaud.com\/es\/\",\"name\":\"Descours &amp; Cabaud\",\"description\":\"\",\"potentialAction\":[{\"@type\":\"SearchAction\",\"target\":{\"@type\":\"EntryPoint\",\"urlTemplate\":\"https:\/\/recette.descours-cabaud.com\/es\/?s={search_term_string}\"},\"query-input\":{\"@type\":\"PropertyValueSpecification\",\"valueRequired\":true,\"valueName\":\"search_term_string\"}}],\"inLanguage\":\"es\"}]}<\/script>\n<!-- \/ Yoast SEO plugin. -->","yoast_head_json":{"title":"Pol\u00edtica de cookies - Descours &amp; Cabaud","robots":{"index":"index","follow":"follow","max-snippet":"max-snippet:-1","max-image-preview":"max-image-preview:large","max-video-preview":"max-video-preview:-1"},"canonical":"https:\/\/recette.descours-cabaud.com\/es\/politica-de-cookies\/","og_locale":"es_ES","og_type":"article","og_title":"Pol\u00edtica de cookies - Descours &amp; Cabaud","og_description":"Nos comprometemos a proteger sus datos Establecemos cookies para : para garantizar una experiencia de navegaci\u00f3n segura ofrecerle contenidos personalizados seg\u00fan sus intereses recoger estad\u00edsticas para desarrollar el sitio Puede cambiar de opini\u00f3n en cualquier momento configurando sus cookies. Las cookies son peque\u00f1os archivos de texto que pueden ser utilizados por los sitios web para [&hellip;]","og_url":"https:\/\/recette.descours-cabaud.com\/es\/politica-de-cookies\/","og_site_name":"Descours &amp; Cabaud","article_modified_time":"2022-04-05T07:47:01+00:00","og_image":[{"width":2560,"height":1201,"url":"https:\/\/recette.descours-cabaud.com\/wp-content\/uploads\/2022\/02\/mentions_legales-3-scaled.jpg","type":"image\/jpeg"}],"twitter_card":"summary_large_image","twitter_misc":{"Tiempo de lectura":"7 minutos"},"schema":{"@context":"https:\/\/schema.org","@graph":[{"@type":"WebPage","@id":"https:\/\/recette.descours-cabaud.com\/es\/politica-de-cookies\/","url":"https:\/\/recette.descours-cabaud.com\/es\/politica-de-cookies\/","name":"Pol\u00edtica de cookies - Descours &amp; Cabaud","isPartOf":{"@id":"https:\/\/recette.descours-cabaud.com\/es\/#website"},"primaryImageOfPage":{"@id":"https:\/\/recette.descours-cabaud.com\/es\/politica-de-cookies\/#primaryimage"},"image":{"@id":"https:\/\/recette.descours-cabaud.com\/es\/politica-de-cookies\/#primaryimage"},"thumbnailUrl":"https:\/\/recette.descours-cabaud.com\/wp-content\/uploads\/2022\/02\/mentions_legales-3-scaled.jpg","datePublished":"2022-04-05T07:46:54+00:00","dateModified":"2022-04-05T07:47:01+00:00","breadcrumb":{"@id":"https:\/\/recette.descours-cabaud.com\/es\/politica-de-cookies\/#breadcrumb"},"inLanguage":"es","potentialAction":[{"@type":"ReadAction","target":["https:\/\/recette.descours-cabaud.com\/es\/politica-de-cookies\/"]}]},{"@type":"ImageObject","inLanguage":"es","@id":"https:\/\/recette.descours-cabaud.com\/es\/politica-de-cookies\/#primaryimage","url":"https:\/\/recette.descours-cabaud.com\/wp-content\/uploads\/2022\/02\/mentions_legales-3-scaled.jpg","contentUrl":"https:\/\/recette.descours-cabaud.com\/wp-content\/uploads\/2022\/02\/mentions_legales-3-scaled.jpg","width":2560,"height":1201},{"@type":"BreadcrumbList","@id":"https:\/\/recette.descours-cabaud.com\/es\/politica-de-cookies\/#breadcrumb","itemListElement":[{"@type":"ListItem","position":1,"name":"Accueil","item":"https:\/\/recette.descours-cabaud.com\/es\/"},{"@type":"ListItem","position":2,"name":"Pol\u00edtica de cookies"}]},{"@type":"WebSite","@id":"https:\/\/recette.descours-cabaud.com\/es\/#website","url":"https:\/\/recette.descours-cabaud.com\/es\/","name":"Descours &amp; Cabaud","description":"","potentialAction":[{"@type":"SearchAction","target":{"@type":"EntryPoint","urlTemplate":"https:\/\/recette.descours-cabaud.com\/es\/?s={search_term_string}"},"query-input":{"@type":"PropertyValueSpecification","valueRequired":true,"valueName":"search_term_string"}}],"inLanguage":"es"}]}},"_links":{"self":[{"href":"https:\/\/recette.descours-cabaud.com\/es\/wp-json\/wp\/v2\/pages\/6107","targetHints":{"allow":["GET"]}}],"collection":[{"href":"https:\/\/recette.descours-cabaud.com\/es\/wp-json\/wp\/v2\/pages"}],"about":[{"href":"https:\/\/recette.descours-cabaud.com\/es\/wp-json\/wp\/v2\/types\/page"}],"author":[{"embeddable":true,"href":"https:\/\/recette.descours-cabaud.com\/es\/wp-json\/wp\/v2\/users\/5"}],"replies":[{"embeddable":true,"href":"https:\/\/recette.descours-cabaud.com\/es\/wp-json\/wp\/v2\/comments?post=6107"}],"version-history":[{"count":3,"href":"https:\/\/recette.descours-cabaud.com\/es\/wp-json\/wp\/v2\/pages\/6107\/revisions"}],"predecessor-version":[{"id":6110,"href":"https:\/\/recette.descours-cabaud.com\/es\/wp-json\/wp\/v2\/pages\/6107\/revisions\/6110"}],"wp:featuredmedia":[{"embeddable":true,"href":"https:\/\/recette.descours-cabaud.com\/es\/wp-json\/wp\/v2\/media\/3176"}],"wp:attachment":[{"href":"https:\/\/recette.descours-cabaud.com\/es\/wp-json\/wp\/v2\/media?parent=6107"}],"curies":[{"name":"wp","href":"https:\/\/api.w.org\/{rel}","templated":true}]}}