{"id":8849,"date":"2024-12-11T14:14:28","date_gmt":"2024-12-11T13:14:28","guid":{"rendered":"https:\/\/recette.descours-cabaud.com\/nuestra-historia\/"},"modified":"2025-01-08T16:52:58","modified_gmt":"2025-01-08T15:52:58","slug":"nuestra-historia","status":"publish","type":"page","link":"https:\/\/recette.descours-cabaud.com\/es\/nuestra-historia\/","title":{"rendered":"Nuestra Historia"},"content":{"rendered":"\n<div style=\"height:100px\" aria-hidden=\"true\" class=\"wp-block-spacer\"><\/div>\n\n\n\n<h2 class=\"wp-block-heading\" id=\"Dates-cles\">M\u00e1s de 240 a\u00f1os de aventura humana<\/h2>\n\n\n\n<div class=\"wp-block-group\"><div class=\"wp-block-group__inner-container is-layout-flow wp-block-group-is-layout-flow\">\n<p>DESCOURS &amp; CABAUD lleva 243 a\u00f1os ayudando a sus clientes a afrontar los retos de los sectores de la construcci\u00f3n, las obras p\u00fablicas y la industria.<br>Como socio de los profesionales, el Grupo ha participado en numerosos proyectos de gran envergadura relacionados con el urbanismo, el desarrollo de infraestructuras y redes de transporte, la construcci\u00f3n de estructuras de ingenier\u00eda, la revoluci\u00f3n industrial y la construcci\u00f3n de redes de agua y alcantarillado. Todo ello transmitiendo el esp\u00edritu emprendedor de sus fundadores y su pasi\u00f3n por la profesi\u00f3n.<\/p>\n<\/div><\/div>\n\n\n<\/div>\n<section class=\"bg-white\" id=\"resistencia\" >\n\n    <div class=\"main_container\">\n    \n                <div class=\"row\">\n            <div class=\"col\">\n                <h2>Resistencia inigualable<\/h2>\n                            <\/div>\n        <\/div>\n                \n        \n        <div class=\"row align-items-center\">\n        \n            <div class=\"col-auto position-relative order-1 \">            \n                <div class=\"avec_coin mb-1\">\n                    <img decoding=\"async\" src=\"https:\/\/recette.descours-cabaud.com\/wp-content\/uploads\/2022\/06\/Sans-titre-7.png\" alt=\"\" class=\"rounded w-max-50 \">\n                                    \n                                                        <\/div>\n            <\/div>\n            \n            <div class=\"col-lg order-2 px-lg-5 py-3\">\n                <div class=\"col_txt\"><p><!-- wp:paragraph --><\/p>\n<p><!-- wp:paragraph {\"align\":\"left\"} --><\/p>\n<p><strong>El Grupo ha creado un modelo de distribuci\u00f3n \u00fanico y escalable basado en cuatro pilares:<\/strong><\/p>\n<ol>\n<li>Una estrategia de diversificaci\u00f3n comercial, de productos y geogr\u00e1fica con ambiciones internacionales<\/li>\n<li>Un compromiso profesional con el cliente<\/li>\n<li>Una preocupaci\u00f3n constante por unir, retener y promover a sus empleados<\/li>\n<li>Relaciones a largo plazo con nuestros clientes y proveedores, respaldadas por la confianza de nuestros accionistas, que permiten al Grupo mirar al futuro con una visi\u00f3n a largo plazo, con vistas a desarrollar un patrimonio compartido.<\/li>\n<\/ol>\n<p><!-- \/wp:paragraph --><\/p>\n<p><!-- \/wp:paragraph --><\/p>\n<\/div>\n                \n                                \n            <\/div>\n            \n        <\/div>\n\n    <\/div>\n<\/section>\n\n<div class=\"main_container\">\n\n\n<\/div>\n<section class=\"bg-light\" id=\"espiritu-pionero\" >\n\n    <div class=\"main_container\">\n    \n                <div class=\"row\">\n            <div class=\"col\">\n                <h2>Esp\u00edritu pionero y valores perdurables<\/h2>\n                            <\/div>\n        <\/div>\n                \n        \n        <div class=\"row align-items-center\">\n        \n            <div class=\"col-auto position-relative order-1 \">            \n                <div class=\"avec_coin mb-1\">\n                    <img decoding=\"async\" src=\"https:\/\/recette.descours-cabaud.com\/wp-content\/uploads\/2022\/06\/Mag-.png\" alt=\"\" class=\"rounded w-max-50 \">\n                                    \n                                                        <\/div>\n            <\/div>\n            \n            <div class=\"col-lg order-2 px-lg-5 py-3\">\n                <div class=\"col_txt\"><p><!-- wp:paragraph --><\/p>\n<p><!-- wp:paragraph {\"align\":\"left\"} --><\/p>\n<p class=\"has-text-align-left\">DESCOURS &amp; CABAUD debe su historia a los hombres y mujeres que, con su saber hacer y sus cualidades humanas, han contribuido cada d\u00eda al desarrollo de la empresa.<\/p>\n<p class=\"has-text-align-left\">Si el Grupo ha sabido capear el temporal de la historia, con sus periodos de crecimiento, recesiones, altibajos, crisis y convulsiones, es tambi\u00e9n porque ha seguido una estrategia permanente de diversificaci\u00f3n de sus implantaciones, su oferta y las empresas a las que sirve.<\/p>\n<p class=\"has-text-align-left\">Con determinaci\u00f3n y exigencia, DESCOURS &amp; CABAUD siempre ha vigilado de cerca su entorno, identificando oportunidades y riesgos para adaptarse a la evoluci\u00f3n de las necesidades de sus clientes y a las realidades geopol\u00edticas.<\/p>\n<p><!-- \/wp:paragraph --><\/p>\n<p><!-- \/wp:paragraph --><\/p>\n<\/div>\n                \n                                \n            <\/div>\n            \n        <\/div>\n\n    <\/div>\n<\/section>\n\n<div class=\"main_container\">\n\n\n<\/div>\n<section class=\"bg-white\" id=\"Tourne-vers-l-avenir\" >\n\n    <div class=\"main_container\">\n    \n                <div class=\"row\">\n            <div class=\"col\">\n                <h2>Un Grupo que mira al futuro<\/h2>\n                            <\/div>\n        <\/div>\n                \n        \n        <div class=\"row align-items-center\">\n        \n            <div class=\"col-auto position-relative order-1 \">            \n                <div class=\"avec_coin mb-1\">\n                    <img decoding=\"async\" src=\"https:\/\/recette.descours-cabaud.com\/wp-content\/uploads\/2022\/06\/Plat.png\" alt=\"\" class=\"rounded w-max-50 \">\n                                    \n                                                        <\/div>\n            <\/div>\n            \n            <div class=\"col-lg order-2 px-lg-5 py-3\">\n                <div class=\"col_txt\"><p>Al tiempo que prosigue los ejes de su estrategia de crecimiento, el Grupo refuerza su enfoque de RSE y adapta su oferta a los retos de sus clientes y a los grandes desaf\u00edos del siglo XXI:<\/p>\n<p><strong>La dimensi\u00f3n medioambiental:<\/strong><\/p>\n<ul>\n<li>&nbsp;\n<p><!-- \/wp:paragraph --> <!-- wp:paragraph --><\/p>\n<p>\u2022<\/p>\n<p>Una industria m\u00e1s sostenible y eficiente<\/li>\n<li>Edificios m\u00e1s ergon\u00f3micos y que consumen menos energ\u00eda<\/li>\n<li>Gesti\u00f3n optimizada del agua y la energ\u00eda<\/li>\n<\/ul>\n<p><strong>La dimensi\u00f3n social:<\/strong><\/p>\n<ul>\n<li>Atenci\u00f3n constante a la evoluci\u00f3n social: condiciones de trabajo y medio ambiente<\/li>\n<\/ul>\n<\/div>\n                \n                                \n            <\/div>\n            \n        <\/div>\n\n    <\/div>\n<\/section>\n\n<div class=\"main_container\">\n","protected":false},"excerpt":{"rendered":"<p>M\u00e1s de 240 a\u00f1os de aventura humana DESCOURS &amp; CABAUD lleva 243 a\u00f1os ayudando a sus clientes a afrontar los retos de los sectores de la construcci\u00f3n, las obras p\u00fablicas y la industria.Como socio de los profesionales, el Grupo ha participado en numerosos proyectos de gran envergadura relacionados con el urbanismo, el desarrollo de infraestructuras [&hellip;]<\/p>\n","protected":false},"author":4,"featured_media":7306,"parent":0,"menu_order":0,"comment_status":"closed","ping_status":"closed","template":"","meta":{"_acf_changed":false,"footnotes":""},"class_list":["post-8849","page","type-page","status-publish","has-post-thumbnail","hentry"],"acf":[],"yoast_head":"<!-- This site is optimized with the Yoast SEO plugin v27.0 - https:\/\/yoast.com\/product\/yoast-seo-wordpress\/ -->\n<title>Nuestra Historia - Descours &amp; Cabaud<\/title>\n<meta name=\"robots\" content=\"index, follow, max-snippet:-1, max-image-preview:large, max-video-preview:-1\" \/>\n<link rel=\"canonical\" href=\"https:\/\/recette.descours-cabaud.com\/es\/nuestra-historia\/\" \/>\n<meta property=\"og:locale\" content=\"es_ES\" \/>\n<meta property=\"og:type\" content=\"article\" \/>\n<meta property=\"og:title\" content=\"Nuestra Historia - Descours &amp; Cabaud\" \/>\n<meta property=\"og:description\" content=\"M\u00e1s de 240 a\u00f1os de aventura humana DESCOURS &amp; CABAUD lleva 243 a\u00f1os ayudando a sus clientes a afrontar los retos de los sectores de la construcci\u00f3n, las obras p\u00fablicas y la industria.Como socio de los profesionales, el Grupo ha participado en numerosos proyectos de gran envergadura relacionados con el urbanismo, el desarrollo de infraestructuras [&hellip;]\" \/>\n<meta property=\"og:url\" content=\"https:\/\/recette.descours-cabaud.com\/es\/nuestra-historia\/\" \/>\n<meta property=\"og:site_name\" content=\"Descours &amp; Cabaud\" \/>\n<meta property=\"article:modified_time\" content=\"2025-01-08T15:52:58+00:00\" \/>\n<meta property=\"og:image\" content=\"https:\/\/recette.descours-cabaud.com\/wp-content\/uploads\/2022\/06\/Carte-ancienne-filiales-de-Descours_1925V2-1024x331.png\" \/>\n\t<meta property=\"og:image:width\" content=\"1024\" \/>\n\t<meta property=\"og:image:height\" content=\"331\" \/>\n\t<meta property=\"og:image:type\" content=\"image\/png\" \/>\n<meta name=\"twitter:card\" content=\"summary_large_image\" \/>\n<meta name=\"twitter:label1\" content=\"Tiempo de lectura\" \/>\n\t<meta name=\"twitter:data1\" content=\"1 minuto\" \/>\n<script type=\"application\/ld+json\" class=\"yoast-schema-graph\">{\"@context\":\"https:\/\/schema.org\",\"@graph\":[{\"@type\":\"WebPage\",\"@id\":\"https:\/\/recette.descours-cabaud.com\/es\/nuestra-historia\/\",\"url\":\"https:\/\/recette.descours-cabaud.com\/es\/nuestra-historia\/\",\"name\":\"Nuestra Historia - Descours &amp; Cabaud\",\"isPartOf\":{\"@id\":\"https:\/\/recette.descours-cabaud.com\/es\/#website\"},\"primaryImageOfPage\":{\"@id\":\"https:\/\/recette.descours-cabaud.com\/es\/nuestra-historia\/#primaryimage\"},\"image\":{\"@id\":\"https:\/\/recette.descours-cabaud.com\/es\/nuestra-historia\/#primaryimage\"},\"thumbnailUrl\":\"https:\/\/recette.descours-cabaud.com\/wp-content\/uploads\/2022\/06\/Carte-ancienne-filiales-de-Descours_1925V2.png\",\"datePublished\":\"2024-12-11T13:14:28+00:00\",\"dateModified\":\"2025-01-08T15:52:58+00:00\",\"breadcrumb\":{\"@id\":\"https:\/\/recette.descours-cabaud.com\/es\/nuestra-historia\/#breadcrumb\"},\"inLanguage\":\"es\",\"potentialAction\":[{\"@type\":\"ReadAction\",\"target\":[\"https:\/\/recette.descours-cabaud.com\/es\/nuestra-historia\/\"]}]},{\"@type\":\"ImageObject\",\"inLanguage\":\"es\",\"@id\":\"https:\/\/recette.descours-cabaud.com\/es\/nuestra-historia\/#primaryimage\",\"url\":\"https:\/\/recette.descours-cabaud.com\/wp-content\/uploads\/2022\/06\/Carte-ancienne-filiales-de-Descours_1925V2.png\",\"contentUrl\":\"https:\/\/recette.descours-cabaud.com\/wp-content\/uploads\/2022\/06\/Carte-ancienne-filiales-de-Descours_1925V2.png\",\"width\":1920,\"height\":620},{\"@type\":\"BreadcrumbList\",\"@id\":\"https:\/\/recette.descours-cabaud.com\/es\/nuestra-historia\/#breadcrumb\",\"itemListElement\":[{\"@type\":\"ListItem\",\"position\":1,\"name\":\"Accueil\",\"item\":\"https:\/\/recette.descours-cabaud.com\/es\/\"},{\"@type\":\"ListItem\",\"position\":2,\"name\":\"Nuestra Historia\"}]},{\"@type\":\"WebSite\",\"@id\":\"https:\/\/recette.descours-cabaud.com\/es\/#website\",\"url\":\"https:\/\/recette.descours-cabaud.com\/es\/\",\"name\":\"Descours &amp; Cabaud\",\"description\":\"\",\"potentialAction\":[{\"@type\":\"SearchAction\",\"target\":{\"@type\":\"EntryPoint\",\"urlTemplate\":\"https:\/\/recette.descours-cabaud.com\/es\/?s={search_term_string}\"},\"query-input\":{\"@type\":\"PropertyValueSpecification\",\"valueRequired\":true,\"valueName\":\"search_term_string\"}}],\"inLanguage\":\"es\"}]}<\/script>\n<!-- \/ Yoast SEO plugin. -->","yoast_head_json":{"title":"Nuestra Historia - Descours &amp; Cabaud","robots":{"index":"index","follow":"follow","max-snippet":"max-snippet:-1","max-image-preview":"max-image-preview:large","max-video-preview":"max-video-preview:-1"},"canonical":"https:\/\/recette.descours-cabaud.com\/es\/nuestra-historia\/","og_locale":"es_ES","og_type":"article","og_title":"Nuestra Historia - Descours &amp; Cabaud","og_description":"M\u00e1s de 240 a\u00f1os de aventura humana DESCOURS &amp; CABAUD lleva 243 a\u00f1os ayudando a sus clientes a afrontar los retos de los sectores de la construcci\u00f3n, las obras p\u00fablicas y la industria.Como socio de los profesionales, el Grupo ha participado en numerosos proyectos de gran envergadura relacionados con el urbanismo, el desarrollo de infraestructuras [&hellip;]","og_url":"https:\/\/recette.descours-cabaud.com\/es\/nuestra-historia\/","og_site_name":"Descours &amp; Cabaud","article_modified_time":"2025-01-08T15:52:58+00:00","og_image":[{"width":1024,"height":331,"url":"https:\/\/recette.descours-cabaud.com\/wp-content\/uploads\/2022\/06\/Carte-ancienne-filiales-de-Descours_1925V2-1024x331.png","type":"image\/png"}],"twitter_card":"summary_large_image","twitter_misc":{"Tiempo de lectura":"1 minuto"},"schema":{"@context":"https:\/\/schema.org","@graph":[{"@type":"WebPage","@id":"https:\/\/recette.descours-cabaud.com\/es\/nuestra-historia\/","url":"https:\/\/recette.descours-cabaud.com\/es\/nuestra-historia\/","name":"Nuestra Historia - Descours &amp; Cabaud","isPartOf":{"@id":"https:\/\/recette.descours-cabaud.com\/es\/#website"},"primaryImageOfPage":{"@id":"https:\/\/recette.descours-cabaud.com\/es\/nuestra-historia\/#primaryimage"},"image":{"@id":"https:\/\/recette.descours-cabaud.com\/es\/nuestra-historia\/#primaryimage"},"thumbnailUrl":"https:\/\/recette.descours-cabaud.com\/wp-content\/uploads\/2022\/06\/Carte-ancienne-filiales-de-Descours_1925V2.png","datePublished":"2024-12-11T13:14:28+00:00","dateModified":"2025-01-08T15:52:58+00:00","breadcrumb":{"@id":"https:\/\/recette.descours-cabaud.com\/es\/nuestra-historia\/#breadcrumb"},"inLanguage":"es","potentialAction":[{"@type":"ReadAction","target":["https:\/\/recette.descours-cabaud.com\/es\/nuestra-historia\/"]}]},{"@type":"ImageObject","inLanguage":"es","@id":"https:\/\/recette.descours-cabaud.com\/es\/nuestra-historia\/#primaryimage","url":"https:\/\/recette.descours-cabaud.com\/wp-content\/uploads\/2022\/06\/Carte-ancienne-filiales-de-Descours_1925V2.png","contentUrl":"https:\/\/recette.descours-cabaud.com\/wp-content\/uploads\/2022\/06\/Carte-ancienne-filiales-de-Descours_1925V2.png","width":1920,"height":620},{"@type":"BreadcrumbList","@id":"https:\/\/recette.descours-cabaud.com\/es\/nuestra-historia\/#breadcrumb","itemListElement":[{"@type":"ListItem","position":1,"name":"Accueil","item":"https:\/\/recette.descours-cabaud.com\/es\/"},{"@type":"ListItem","position":2,"name":"Nuestra Historia"}]},{"@type":"WebSite","@id":"https:\/\/recette.descours-cabaud.com\/es\/#website","url":"https:\/\/recette.descours-cabaud.com\/es\/","name":"Descours &amp; Cabaud","description":"","potentialAction":[{"@type":"SearchAction","target":{"@type":"EntryPoint","urlTemplate":"https:\/\/recette.descours-cabaud.com\/es\/?s={search_term_string}"},"query-input":{"@type":"PropertyValueSpecification","valueRequired":true,"valueName":"search_term_string"}}],"inLanguage":"es"}]}},"_links":{"self":[{"href":"https:\/\/recette.descours-cabaud.com\/es\/wp-json\/wp\/v2\/pages\/8849","targetHints":{"allow":["GET"]}}],"collection":[{"href":"https:\/\/recette.descours-cabaud.com\/es\/wp-json\/wp\/v2\/pages"}],"about":[{"href":"https:\/\/recette.descours-cabaud.com\/es\/wp-json\/wp\/v2\/types\/page"}],"author":[{"embeddable":true,"href":"https:\/\/recette.descours-cabaud.com\/es\/wp-json\/wp\/v2\/users\/4"}],"replies":[{"embeddable":true,"href":"https:\/\/recette.descours-cabaud.com\/es\/wp-json\/wp\/v2\/comments?post=8849"}],"version-history":[{"count":14,"href":"https:\/\/recette.descours-cabaud.com\/es\/wp-json\/wp\/v2\/pages\/8849\/revisions"}],"predecessor-version":[{"id":9028,"href":"https:\/\/recette.descours-cabaud.com\/es\/wp-json\/wp\/v2\/pages\/8849\/revisions\/9028"}],"wp:featuredmedia":[{"embeddable":true,"href":"https:\/\/recette.descours-cabaud.com\/es\/wp-json\/wp\/v2\/media\/7306"}],"wp:attachment":[{"href":"https:\/\/recette.descours-cabaud.com\/es\/wp-json\/wp\/v2\/media?parent=8849"}],"curies":[{"name":"wp","href":"https:\/\/api.w.org\/{rel}","templated":true}]}}