{"id":8688,"date":"2024-01-19T16:22:22","date_gmt":"2024-01-19T15:22:22","guid":{"rendered":"https:\/\/recette.descours-cabaud.com\/domovska-stranka\/"},"modified":"2024-02-06T10:59:55","modified_gmt":"2024-02-06T09:59:55","slug":"domovska-stranka","status":"publish","type":"page","link":"https:\/\/recette.descours-cabaud.com\/sl\/","title":{"rendered":"Domovsk\u00e1 str\u00e1nka"},"content":{"rendered":"\n<\/div>\n<section  class=\"header_home bg_img py-0 position-relative\"  >\n    \n            <div id=\"bg_video\" class=\"header_home\">\n            <video class=\"header_home\" autoplay loop muted playsinline >\n                <source src=\"https:\/\/recette.descours-cabaud.com\/wp-content\/uploads\/2022\/04\/DC-BANNIERE-OK_SD3.mp4\" type=\"video\/mp4\">\n            <\/video>\n        <\/div>    \n        \n    \n    <div class=\"main_container position-relative\">\n    \n        <div class=\"row align-items-center header_home\">\n            <div class=\"col-xl-6 text-white\">\n                                <h1>Le partenaire des professionnels de l&#8217;industrie et du b\u00e2timent<\/h1>\n                <p class=\"sous_titre\">Solutions et services pour les m\u00e9tiers de la construction, <br \/>\r\nde l&#8217;industrie et de l&#8217;eau<\/p>\n                            <\/div>\n        <\/div>\n        \n        <div class=\"bg_img home_down\"><\/div>\n        \n    <\/div>    \n<\/section>\n<div class=\"main_container\">\n\n<\/div>\n\n<section  class=\"bg-dark pt-4 pb-5 text-white\" id=\"chiffres_cles\">\n    <div class=\"main_container\">\n    \n        <div class=\"scrollbar chiffres_cle text-center justify-content-start justify-content-md-around\">\n        \n                            <div class=\"my-2 my-sm-4\">\n                    <i class=\"map_blanc\"><\/i>\n                    <div class=\"chiffre\">720<\/div> \n                    <div class=\"sous_titre\">Points de vente<\/div>\n                <\/div>    \n                            <div class=\"my-2 my-sm-4\">\n                    <i class=\"monde_blanc\"><\/i>\n                    <div class=\"chiffre\">13<\/div> \n                    <div class=\"sous_titre\">Pays<\/div>\n                <\/div>    \n                            <div class=\"my-2 my-sm-4\">\n                    <i class=\"argent_blanc\"><\/i>\n                    <div class=\"chiffre\">5 milliards d&#8217;\u20ac<\/div> \n                    <div class=\"sous_titre\">estimation du CA 2023<\/div>\n                <\/div>    \n                            <div class=\"my-2 my-sm-4\">\n                    <i class=\"groupe_blanc\"><\/i>\n                    <div class=\"chiffre\">14 900<\/div> \n                    <div class=\"sous_titre\">collaborateurs<\/div>\n                <\/div>    \n            \n        <\/div>\n        \n    <\/div>    \n<\/section>\n\n<div class=\"main_container\">\n\n<\/div>\n\n<section  >\n    <div class=\"main_container\">\n                <div class=\"row\">\n            <div class=\"col\">\n                <h2>Plongez au c\u0153ur de nos r\u00e9seaux<\/h2>\n            <\/div>\n        <\/div>\n                \n                <div class=\"row\">\n\n            <div class=\"cartes_reseau scrollbar text-center justify-content-start justify-content-xxl-center pb-4\">\n            \n                                            \n                    <div class=\"card border-0 rounded shadow flex-shrink-0 flex-xxl-shrink-1\">\n                    \n                        <img decoding=\"async\" src=\"https:\/\/recette.descours-cabaud.com\/wp-content\/uploads\/2022\/01\/2.jpg\" class=\"card-img-top\" alt=\"\">\n                        \n                        <div class=\"card-body p-4\">\n                                                            <img decoding=\"async\" src=\"https:\/\/recette.descours-cabaud.com\/wp-content\/uploads\/2022\/01\/logo_dexis.png\" alt=\"DEXIS\" class=\"logo_reseau\">\n                                \n                            <p class=\"sous_titre semibold mt-3 mb-3\">Le partenaire des m\u00e9tiers <br \/>\r\nde l&#8217;industrie<\/p>\n\n                                \n\n                        <\/div>\n                        \n                    <\/div>\n                    \n        \n                                        \n                    <div class=\"card border-0 rounded shadow flex-shrink-0 flex-xxl-shrink-1\">\n                    \n                        <img decoding=\"async\" src=\"https:\/\/recette.descours-cabaud.com\/wp-content\/uploads\/2022\/01\/3.jpg\" class=\"card-img-top\" alt=\"\">\n                        \n                        <div class=\"card-body p-4\">\n                                                            <img decoding=\"async\" src=\"https:\/\/recette.descours-cabaud.com\/wp-content\/uploads\/2022\/01\/logo_prolians.png\" alt=\"PROLIANS\" class=\"logo_reseau\">\n                                \n                            <p class=\"sous_titre semibold mt-3 mb-3\">Le partenaire des m\u00e9tiers <br \/>\r\nde la construction<\/p>\n\n                                \n\n                        <\/div>\n                        \n                    <\/div>\n                    \n        \n                                        \n                    <div class=\"card border-0 rounded shadow flex-shrink-0 flex-xxl-shrink-1\">\n                    \n                        <img decoding=\"async\" src=\"https:\/\/recette.descours-cabaud.com\/wp-content\/uploads\/2022\/01\/4.jpg\" class=\"card-img-top\" alt=\"\">\n                        \n                        <div class=\"card-body p-4\">\n                                                            <img decoding=\"async\" src=\"https:\/\/recette.descours-cabaud.com\/wp-content\/uploads\/2022\/01\/logo_hydralians.png\" alt=\"HYDRALIANS\" class=\"logo_reseau\">\n                                \n                            <p class=\"sous_titre semibold mt-3 mb-3\">Le partenaire des m\u00e9tiers <br \/>\r\nde l&#8217;eau et du paysage<\/p>\n\n                                \n\n                        <\/div>\n                        \n                    <\/div>\n                    \n        \n                                        \n                    <div class=\"card border-0 rounded shadow flex-shrink-0 flex-xxl-shrink-1\">\n                    \n                        <img decoding=\"async\" src=\"https:\/\/recette.descours-cabaud.com\/wp-content\/uploads\/2022\/01\/5.jpg\" class=\"card-img-top\" alt=\"\">\n                        \n                        <div class=\"card-body p-4\">\n                                                            <img decoding=\"async\" src=\"https:\/\/recette.descours-cabaud.com\/wp-content\/uploads\/2022\/02\/DescoursCabaud-AMN_horiz.png\" alt=\"Am\u00e9rique du Nord\" class=\"logo_reseau\">\n                                \n                            <p class=\"sous_titre semibold mt-3 mb-3\">D\u00e9couvrez<br \/>\r\nnotre r\u00e9seau am\u00e9ricain<\/p>\n\n                                \n\n                        <\/div>\n                        \n                    <\/div>\n                    \n        \n                \n            <\/div> <!-- END DIV FLEX -->\n\n        <\/div>  <!-- END ROW  -->\n            <\/div>  <!-- END main-container  -->\n        \n<\/section>\n\n<div class=\"main_container\">\n<div class=\"wp-block-columns is-layout-flex wp-container-core-columns-is-layout-9d6595d7 wp-block-columns-is-layout-flex\">\n<div class=\"wp-block-column is-vertically-aligned-center is-layout-flow wp-block-column-is-layout-flow\">\n<div class=\"wp-block-columns is-layout-flex wp-container-core-columns-is-layout-9d6595d7 wp-block-columns-is-layout-flex\">\n<div class=\"wp-block-column is-vertically-aligned-center is-layout-flow wp-block-column-is-layout-flow\">\n<div class=\"wp-block-buttons is-content-justification-center is-layout-flex wp-container-core-buttons-is-layout-16018d1d wp-block-buttons-is-layout-flex\">\n<div class=\"wp-block-button is-style-fill\"><a class=\"wp-block-button__link has-background wp-element-button\" href=\"https:\/\/recette.descours-cabaud.com\/nos-reseaux\/dexis-partenaire-des-metiers-de-lindustrie\/\" style=\"background-color:#e83f30\">Zistite viac o DEXIS<\/a><\/div>\n<\/div>\n<\/div>\n\n\n\n<div class=\"wp-block-column is-vertically-aligned-center is-layout-flow wp-block-column-is-layout-flow\">\n<div class=\"wp-block-buttons is-content-justification-center is-layout-flex wp-container-core-buttons-is-layout-16018d1d wp-block-buttons-is-layout-flex\">\n<div class=\"wp-block-button is-style-fill\"><a class=\"wp-block-button__link has-background wp-element-button\" href=\"https:\/\/recette.descours-cabaud.com\/nos-reseaux\/prolians\/\" style=\"background-color:#03488e\">Zistite viac o PROLIANS<\/a><\/div>\n<\/div>\n<\/div>\n<\/div>\n<\/div>\n\n\n\n<div class=\"wp-block-column is-vertically-aligned-center is-layout-flow wp-block-column-is-layout-flow\">\n<div class=\"wp-block-columns is-layout-flex wp-container-core-columns-is-layout-9d6595d7 wp-block-columns-is-layout-flex\">\n<div class=\"wp-block-column is-vertically-aligned-center is-layout-flow wp-block-column-is-layout-flow\">\n<div class=\"wp-block-buttons is-content-justification-center is-layout-flex wp-container-core-buttons-is-layout-16018d1d wp-block-buttons-is-layout-flex\">\n<div class=\"wp-block-button is-style-fill\"><a class=\"wp-block-button__link has-background wp-element-button\" href=\"https:\/\/recette.descours-cabaud.com\/nos-reseaux\/hydralians\/\" style=\"background-color:#00a3cf\">Zistite viac o HYDRALIANS<\/a><\/div>\n<\/div>\n<\/div>\n\n\n\n<div class=\"wp-block-column is-vertically-aligned-center is-layout-flow wp-block-column-is-layout-flow\">\n<div class=\"wp-block-buttons is-content-justification-center is-layout-flex wp-container-core-buttons-is-layout-16018d1d wp-block-buttons-is-layout-flex\">\n<div class=\"wp-block-button is-style-fill\"><a class=\"wp-block-button__link has-white-color has-white-background-color has-text-color has-background wp-element-button\">Zistite viac o Severnej Amerike<\/a><\/div>\n<\/div>\n<\/div>\n<\/div>\n<\/div>\n<\/div>\n<\/div>\n\n\n<section  class=\"bg-light\">\n\n    <div class=\"main_container\">\n\n                <div class=\"row\">\n            <div class=\"col\">\n                <h2>Si vous \u00eates&#8230;<\/h2>\n            <\/div>\n        <\/div>\n        \n        <div class=\"row align-items-start\">\n        \n            <div class=\"col-lg-6 h-100\">\n                <div class=\"avec_coin rounded profil\" style=\"background-image: url('https:\/\/recette.descours-cabaud.com\/wp-content\/uploads\/2022\/01\/6-e1673451093856.jpg');\">\n                    <div class=\"coin_rouge\"><\/div>                <\/div>    \n            <\/div>\n            \n            <div class=\"col-lg-6 mt-4 mt-lg-0 h-100\">\n\n            \n                                <a href=\"https:\/\/recette.descours-cabaud.com\/le-groupe\/\" target=\"_self\" class=\"identite rounded\">\n                    <div class=\"row p-4 align-items-center\">\n                        <div class=\"col-md-2\"><i class=\"mains\"><\/i><\/div>\n                        <div class=\"col-md-9 text-center text-md-start\">\n                            <h4 class=\"m-0\">Un partenaire<\/h4>\n                            <p class=\"sous_titre m-0\">D\u00e9couvrir les engagements du Groupe<\/p>\n                        <\/div>\n                        <div class=\"d-none d-md-block col-md-1 justify-content-end\">\n                            <svg xmlns=\"http:\/\/www.w3.org\/2000\/svg\" width=\"32\" height=\"32\" fill=\"currentColor\" class=\"bi bi-chevron-right\" viewBox=\"0 0 16 16\">\n                                <path fill-rule=\"evenodd\" d=\"M4.646 1.646a.5.5 0 0 1 .708 0l6 6a.5.5 0 0 1 0 .708l-6 6a.5.5 0 0 1-.708-.708L10.293 8 4.646 2.354a.5.5 0 0 1 0-.708z\"\/>\n                            <\/svg>\n                        <\/div>\n                    <\/div>\n                <\/a>\n                \n                \n                                <a href=\"https:\/\/recette.descours-cabaud.com\/rejoignez-nous\/\" target=\"_self\" class=\"identite rounded\">\n                    <div class=\"row p-4 align-items-center\">\n                        <div class=\"col-md-2\"><i class=\"homme\"><\/i><\/div>\n                        <div class=\"col-md-9 text-center text-md-start\">\n                            <h4 class=\"m-0\">Un candidat<\/h4>\n                            <p class=\"sous_titre m-0\">En apprendre plus sur nos opportunit\u00e9s<\/p>\n                        <\/div>\n                        <div class=\"d-none d-md-block col-md-1 justify-content-end\">\n                            <svg xmlns=\"http:\/\/www.w3.org\/2000\/svg\" width=\"32\" height=\"32\" fill=\"currentColor\" class=\"bi bi-chevron-right\" viewBox=\"0 0 16 16\">\n                                <path fill-rule=\"evenodd\" d=\"M4.646 1.646a.5.5 0 0 1 .708 0l6 6a.5.5 0 0 1 0 .708l-6 6a.5.5 0 0 1-.708-.708L10.293 8 4.646 2.354a.5.5 0 0 1 0-.708z\"\/>\n                            <\/svg>\n                        <\/div>\n                    <\/div>\n                <\/a>\n                \n                \n            <\/div>\n        <\/div>\n\n    <\/div>\n<\/section>\n\n<div class=\"main_container\">\n\n<section >\n        <div class=\"row\">\n        <div class=\"col\">\n            <h2>Engag\u00e9s au service<br>de la croissance de nos clients<\/h2>\n        <\/div>\n    <\/div>\n            \n    <div class=\"row\">\n        <div class=\"cartes scrollbar text-center justify-content-start justify-content-xxl-center pb-4\">\n                \n            <div class=\"card border-0 rounded shadow flex-shrink-0 flex-xxl-shrink-1\">\n                <div class=\"card-body\">\n                                            <i class=\"mains\"><\/i>\n                                        <h4>La proximit\u00e9 <\/h4>\n                    <p>La proximit\u00e9 humaine <br>et g\u00e9ographique de <br>nos \u00e9quipes commerciales<\/p>\n                  <\/div>\n            <\/div>\n        \n        \n            <div class=\"card border-0 rounded shadow flex-shrink-0 flex-xxl-shrink-1\">\n                <div class=\"card-body\">\n                                            <i class=\"ticket\"><\/i>\n                                        <h4>La comp\u00e9titivit\u00e9<\/h4>\n                    <p>La comp\u00e9titivit\u00e9 et la largeur de l\u2019offre gr\u00e2ce \u00e0 notre puissance d\u2019achat<\/p>\n                  <\/div>\n            <\/div>\n        \n        \n            <div class=\"card border-0 rounded shadow flex-shrink-0 flex-xxl-shrink-1\">\n                <div class=\"card-body\">\n                                            <i class=\"boite_3\"><\/i>\n                                        <h4>La disponibilit\u00e9<\/h4>\n                    <p>La disponibilit\u00e9 des produits fiabilis\u00e9e par une puissante structure logistique<\/p>\n                  <\/div>\n            <\/div>\n        \n        \n            <div class=\"card border-0 rounded shadow flex-shrink-0 flex-xxl-shrink-1\">\n                <div class=\"card-body\">\n                                            <i class=\"homme_2\"><\/i>\n                                        <h4>L&#8217;expertise<\/h4>\n                    <p>L&#8217;excellence technique <br>de nos experts<\/p>\n                  <\/div>\n            <\/div>\n        \n        \n            <div class=\"card border-0 rounded shadow flex-shrink-0 flex-xxl-shrink-1\">\n                <div class=\"card-body\">\n                                            <i class=\"main_4\"><\/i>\n                                        <h4>Les solutions <br>et services<\/h4>\n                    <p>Des solutions et services performants pour simplifier votre activit\u00e9 op\u00e9rationnelle<\/p>\n                  <\/div>\n            <\/div>\n        <\/div><\/div><div class=\"row\"><div class=\"cartes scrollbar text-center justify-content-start justify-content-xxl-center pb-4\">\n        \n        <\/div>  \n    <\/div>      \n<\/section>\n\n<\/div>\n\n<section  class=\"bg_img grands_comptes\" style=\"background-image: url('https:\/\/recette.descours-cabaud.com\/wp-content\/uploads\/2022\/01\/7_rouge-1.jpg');\">\n    <div class=\"main_container\">\n        <div class=\"row text-white align-items-center\">\n            <div class=\"col-xl-5\">\n                <h2 class=\"title-h2 m-0 mb-4 p-0 border-0\">Grands Comptes<\/h2>\n                <div class=\"sous_titre\"><p>Interlocuteur privil\u00e9gi\u00e9 des Grands Comptes,<br \/>\nle Groupe DESCOURS &amp; CABAUD accompagne quotidiennement<br \/>\nses clients dans leurs recherches de gains de productivit\u00e9,<br \/>\nde performance et d&#8217;innovation<\/p>\n<p>&nbsp;<\/p>\n<\/div>\n                                <a href=\"https:\/\/recette.descours-cabaud.com\/grands-comptes\/\" target=\"\" class=\"btn btn-outline-light fw-bold mt-4\">En savoir plus sur notre offre Grands Comptes<\/a>\n            <\/div>\n\n        <\/div>    \n    <\/div>   \n<\/section>\n\n<section class=\"bg-dark py-0\">\n    <div class=\"main_container\">     \n        <div class=\"cartes d-flex logos flex-nowrap text-center justify-content-start\">\n                            <div class=\"col-auto\">\n                    <img decoding=\"async\" src=\"\" alt=\"\" class=\"opacity-25\" \/>\n                <\/div>\n                    <\/div>    \n    <\/div>   \n<\/section>\n\n<div class=\"main_container\">\n\n<\/div>\n<section id=\"Nos-actualites\"  class=\"bg-dark text-white\">\n    <div class=\"main_container\">\n    \n                <div class=\"row\">\n            <div class=\"col\">\n                <h2 id=\"title-h2\">Nos actualit\u00e9s<\/h2>\n            <\/div>\n        <\/div>\n        \n\n        \n        \n    <\/div>    \n<\/section>\n<div class=\"main_container\">\n    \n        \n        \n","protected":false},"excerpt":{"rendered":"","protected":false},"author":1,"featured_media":329,"parent":0,"menu_order":0,"comment_status":"closed","ping_status":"closed","template":"","meta":{"_acf_changed":false,"footnotes":""},"class_list":["post-8688","page","type-page","status-publish","has-post-thumbnail","hentry"],"acf":[],"yoast_head":"<!-- This site is optimized with the Yoast SEO plugin v27.0 - https:\/\/yoast.com\/product\/yoast-seo-wordpress\/ -->\n<title>Domovsk\u00e1 str\u00e1nka - Descours &amp; Cabaud<\/title>\n<meta name=\"description\" content=\"Rie\u0161enia a slu\u017eby pre stavebn\u00fd obchod, priemysel a vodu.\" \/>\n<meta name=\"robots\" content=\"index, follow, max-snippet:-1, max-image-preview:large, max-video-preview:-1\" \/>\n<link rel=\"canonical\" href=\"https:\/\/recette.descours-cabaud.com\/sl\/\" \/>\n<meta property=\"og:locale\" content=\"sl_SI\" \/>\n<meta property=\"og:type\" content=\"article\" \/>\n<meta property=\"og:title\" content=\"Domovsk\u00e1 str\u00e1nka - Descours &amp; Cabaud\" \/>\n<meta property=\"og:description\" content=\"Rie\u0161enia a slu\u017eby pre stavebn\u00fd obchod, priemysel a vodu.\" \/>\n<meta property=\"og:url\" content=\"https:\/\/recette.descours-cabaud.com\/sl\/\" \/>\n<meta property=\"og:site_name\" content=\"Descours &amp; Cabaud\" \/>\n<meta property=\"article:modified_time\" content=\"2024-02-06T09:59:55+00:00\" \/>\n<meta property=\"og:image\" content=\"https:\/\/recette.descours-cabaud.com\/wp-content\/uploads\/2022\/01\/homepage.jpg\" \/>\n\t<meta property=\"og:image:width\" content=\"1920\" \/>\n\t<meta property=\"og:image:height\" content=\"1060\" \/>\n\t<meta property=\"og:image:type\" content=\"image\/jpeg\" \/>\n<meta name=\"twitter:card\" content=\"summary_large_image\" \/>\n<script type=\"application\/ld+json\" class=\"yoast-schema-graph\">{\"@context\":\"https:\/\/schema.org\",\"@graph\":[{\"@type\":\"WebPage\",\"@id\":\"https:\/\/recette.descours-cabaud.com\/sl\/\",\"url\":\"https:\/\/recette.descours-cabaud.com\/sl\/\",\"name\":\"Domovsk\u00e1 str\u00e1nka - Descours &amp; Cabaud\",\"isPartOf\":{\"@id\":\"https:\/\/recette.descours-cabaud.com\/sl\/#website\"},\"primaryImageOfPage\":{\"@id\":\"https:\/\/recette.descours-cabaud.com\/sl\/#primaryimage\"},\"image\":{\"@id\":\"https:\/\/recette.descours-cabaud.com\/sl\/#primaryimage\"},\"thumbnailUrl\":\"https:\/\/recette.descours-cabaud.com\/wp-content\/uploads\/2022\/01\/homepage.jpg\",\"datePublished\":\"2024-01-19T15:22:22+00:00\",\"dateModified\":\"2024-02-06T09:59:55+00:00\",\"description\":\"Rie\u0161enia a slu\u017eby pre stavebn\u00fd obchod, priemysel a vodu.\",\"breadcrumb\":{\"@id\":\"https:\/\/recette.descours-cabaud.com\/sl\/#breadcrumb\"},\"inLanguage\":\"sl-SI\",\"potentialAction\":[{\"@type\":\"ReadAction\",\"target\":[\"https:\/\/recette.descours-cabaud.com\/sl\/\"]}]},{\"@type\":\"ImageObject\",\"inLanguage\":\"sl-SI\",\"@id\":\"https:\/\/recette.descours-cabaud.com\/sl\/#primaryimage\",\"url\":\"https:\/\/recette.descours-cabaud.com\/wp-content\/uploads\/2022\/01\/homepage.jpg\",\"contentUrl\":\"https:\/\/recette.descours-cabaud.com\/wp-content\/uploads\/2022\/01\/homepage.jpg\",\"width\":1920,\"height\":1060},{\"@type\":\"BreadcrumbList\",\"@id\":\"https:\/\/recette.descours-cabaud.com\/sl\/#breadcrumb\",\"itemListElement\":[{\"@type\":\"ListItem\",\"position\":1,\"name\":\"Accueil\",\"item\":\"https:\/\/recette.descours-cabaud.com\/sl\/\"},{\"@type\":\"ListItem\",\"position\":2,\"name\":\"Domovsk\u00e1 str\u00e1nka\"}]},{\"@type\":\"WebSite\",\"@id\":\"https:\/\/recette.descours-cabaud.com\/sl\/#website\",\"url\":\"https:\/\/recette.descours-cabaud.com\/sl\/\",\"name\":\"Descours &amp; Cabaud\",\"description\":\"\",\"potentialAction\":[{\"@type\":\"SearchAction\",\"target\":{\"@type\":\"EntryPoint\",\"urlTemplate\":\"https:\/\/recette.descours-cabaud.com\/sl\/?s={search_term_string}\"},\"query-input\":{\"@type\":\"PropertyValueSpecification\",\"valueRequired\":true,\"valueName\":\"search_term_string\"}}],\"inLanguage\":\"sl-SI\"}]}<\/script>\n<!-- \/ Yoast SEO plugin. -->","yoast_head_json":{"title":"Domovsk\u00e1 str\u00e1nka - Descours &amp; Cabaud","description":"Rie\u0161enia a slu\u017eby pre stavebn\u00fd obchod, priemysel a vodu.","robots":{"index":"index","follow":"follow","max-snippet":"max-snippet:-1","max-image-preview":"max-image-preview:large","max-video-preview":"max-video-preview:-1"},"canonical":"https:\/\/recette.descours-cabaud.com\/sl\/","og_locale":"sl_SI","og_type":"article","og_title":"Domovsk\u00e1 str\u00e1nka - Descours &amp; Cabaud","og_description":"Rie\u0161enia a slu\u017eby pre stavebn\u00fd obchod, priemysel a vodu.","og_url":"https:\/\/recette.descours-cabaud.com\/sl\/","og_site_name":"Descours &amp; Cabaud","article_modified_time":"2024-02-06T09:59:55+00:00","og_image":[{"width":1920,"height":1060,"url":"https:\/\/recette.descours-cabaud.com\/wp-content\/uploads\/2022\/01\/homepage.jpg","type":"image\/jpeg"}],"twitter_card":"summary_large_image","schema":{"@context":"https:\/\/schema.org","@graph":[{"@type":"WebPage","@id":"https:\/\/recette.descours-cabaud.com\/sl\/","url":"https:\/\/recette.descours-cabaud.com\/sl\/","name":"Domovsk\u00e1 str\u00e1nka - Descours &amp; Cabaud","isPartOf":{"@id":"https:\/\/recette.descours-cabaud.com\/sl\/#website"},"primaryImageOfPage":{"@id":"https:\/\/recette.descours-cabaud.com\/sl\/#primaryimage"},"image":{"@id":"https:\/\/recette.descours-cabaud.com\/sl\/#primaryimage"},"thumbnailUrl":"https:\/\/recette.descours-cabaud.com\/wp-content\/uploads\/2022\/01\/homepage.jpg","datePublished":"2024-01-19T15:22:22+00:00","dateModified":"2024-02-06T09:59:55+00:00","description":"Rie\u0161enia a slu\u017eby pre stavebn\u00fd obchod, priemysel a vodu.","breadcrumb":{"@id":"https:\/\/recette.descours-cabaud.com\/sl\/#breadcrumb"},"inLanguage":"sl-SI","potentialAction":[{"@type":"ReadAction","target":["https:\/\/recette.descours-cabaud.com\/sl\/"]}]},{"@type":"ImageObject","inLanguage":"sl-SI","@id":"https:\/\/recette.descours-cabaud.com\/sl\/#primaryimage","url":"https:\/\/recette.descours-cabaud.com\/wp-content\/uploads\/2022\/01\/homepage.jpg","contentUrl":"https:\/\/recette.descours-cabaud.com\/wp-content\/uploads\/2022\/01\/homepage.jpg","width":1920,"height":1060},{"@type":"BreadcrumbList","@id":"https:\/\/recette.descours-cabaud.com\/sl\/#breadcrumb","itemListElement":[{"@type":"ListItem","position":1,"name":"Accueil","item":"https:\/\/recette.descours-cabaud.com\/sl\/"},{"@type":"ListItem","position":2,"name":"Domovsk\u00e1 str\u00e1nka"}]},{"@type":"WebSite","@id":"https:\/\/recette.descours-cabaud.com\/sl\/#website","url":"https:\/\/recette.descours-cabaud.com\/sl\/","name":"Descours &amp; Cabaud","description":"","potentialAction":[{"@type":"SearchAction","target":{"@type":"EntryPoint","urlTemplate":"https:\/\/recette.descours-cabaud.com\/sl\/?s={search_term_string}"},"query-input":{"@type":"PropertyValueSpecification","valueRequired":true,"valueName":"search_term_string"}}],"inLanguage":"sl-SI"}]}},"_links":{"self":[{"href":"https:\/\/recette.descours-cabaud.com\/sl\/wp-json\/wp\/v2\/pages\/8688","targetHints":{"allow":["GET"]}}],"collection":[{"href":"https:\/\/recette.descours-cabaud.com\/sl\/wp-json\/wp\/v2\/pages"}],"about":[{"href":"https:\/\/recette.descours-cabaud.com\/sl\/wp-json\/wp\/v2\/types\/page"}],"author":[{"embeddable":true,"href":"https:\/\/recette.descours-cabaud.com\/sl\/wp-json\/wp\/v2\/users\/1"}],"replies":[{"embeddable":true,"href":"https:\/\/recette.descours-cabaud.com\/sl\/wp-json\/wp\/v2\/comments?post=8688"}],"version-history":[{"count":3,"href":"https:\/\/recette.descours-cabaud.com\/sl\/wp-json\/wp\/v2\/pages\/8688\/revisions"}],"predecessor-version":[{"id":8745,"href":"https:\/\/recette.descours-cabaud.com\/sl\/wp-json\/wp\/v2\/pages\/8688\/revisions\/8745"}],"wp:featuredmedia":[{"embeddable":true,"href":"https:\/\/recette.descours-cabaud.com\/sl\/wp-json\/wp\/v2\/media\/329"}],"wp:attachment":[{"href":"https:\/\/recette.descours-cabaud.com\/sl\/wp-json\/wp\/v2\/media?parent=8688"}],"curies":[{"name":"wp","href":"https:\/\/api.w.org\/{rel}","templated":true}]}}